{"id":967,"date":"2024-10-06T10:00:45","date_gmt":"2024-10-06T08:00:45","guid":{"rendered":"http:\/\/spchoron.ugporaj.pl\/?page_id=967"},"modified":"2025-02-01T16:47:59","modified_gmt":"2025-02-01T15:47:59","slug":"rada-rodzicow","status":"publish","type":"page","link":"https:\/\/spchoron.ugporaj.pl\/?page_id=967","title":{"rendered":"Rada Rodzic\u00f3w"},"content":{"rendered":"\t\t<div data-elementor-type=\"wp-page\" data-elementor-id=\"967\" class=\"elementor elementor-967\">\n\t\t\t\t\t\t<section class=\"elementor-section elementor-top-section elementor-element elementor-element-859fb1b elementor-section-boxed elementor-section-height-default elementor-section-height-default\" data-id=\"859fb1b\" data-element_type=\"section\" data-e-type=\"section\">\n\t\t\t\t\t\t<div class=\"elementor-container elementor-column-gap-default\">\n\t\t\t\t\t<div class=\"elementor-column elementor-col-50 elementor-top-column elementor-element elementor-element-c3b78ee\" data-id=\"c3b78ee\" data-element_type=\"column\" data-e-type=\"column\">\n\t\t\t<div class=\"elementor-widget-wrap elementor-element-populated\">\n\t\t\t\t\t\t<div class=\"elementor-element elementor-element-0e76cff elementor-widget elementor-widget-text-editor\" data-id=\"0e76cff\" data-element_type=\"widget\" data-e-type=\"widget\" data-widget_type=\"text-editor.default\">\n\t\t\t\t<div class=\"elementor-widget-container\">\n\t\t\t\t\t\t\t\t\t<h4>Rada Rodzic\u00f3w<\/h4><h4>2024\/2025<\/h4><p><strong>Przewodnicz\u0105ca<\/strong> &#8211; Iwona Pluta-\u0141yszczarz<\/p><p><strong>Zast\u0119pca Przewodnicz\u0105cej<\/strong> &#8211; \u017baneta Kowalska<\/p><p><strong>Skarbnik<\/strong> &#8211; Karol M\u0119cik<\/p>\t\t\t\t\t\t\t\t<\/div>\n\t\t\t\t<\/div>\n\t\t\t\t\t<\/div>\n\t\t<\/div>\n\t\t\t\t<div class=\"elementor-column elementor-col-50 elementor-top-column elementor-element elementor-element-96d180d\" data-id=\"96d180d\" data-element_type=\"column\" data-e-type=\"column\">\n\t\t\t<div class=\"elementor-widget-wrap elementor-element-populated\">\n\t\t\t\t\t\t<div class=\"elementor-element elementor-element-c2afaed elementor-widget elementor-widget-image\" data-id=\"c2afaed\" data-element_type=\"widget\" data-e-type=\"widget\" data-widget_type=\"image.default\">\n\t\t\t\t<div class=\"elementor-widget-container\">\n\t\t\t\t\t\t\t\t\t\t\t\t\t\t\t<img fetchpriority=\"high\" decoding=\"async\" width=\"640\" height=\"640\" src=\"https:\/\/spchoron.ugporaj.pl\/wp-content\/uploads\/2024\/05\/rada-1024x1024.png\" class=\"attachment-large size-large wp-image-968\" alt=\"\" srcset=\"https:\/\/spchoron.ugporaj.pl\/wp-content\/uploads\/2024\/05\/rada-1024x1024.png 1024w, https:\/\/spchoron.ugporaj.pl\/wp-content\/uploads\/2024\/05\/rada-300x300.png 300w, https:\/\/spchoron.ugporaj.pl\/wp-content\/uploads\/2024\/05\/rada-150x150.png 150w, https:\/\/spchoron.ugporaj.pl\/wp-content\/uploads\/2024\/05\/rada-768x768.png 768w, https:\/\/spchoron.ugporaj.pl\/wp-content\/uploads\/2024\/05\/rada-1536x1536.png 1536w, https:\/\/spchoron.ugporaj.pl\/wp-content\/uploads\/2024\/05\/rada.png 1654w\" sizes=\"(max-width: 640px) 100vw, 640px\" \/>\t\t\t\t\t\t\t\t\t\t\t\t\t\t\t<\/div>\n\t\t\t\t<\/div>\n\t\t\t\t\t<\/div>\n\t\t<\/div>\n\t\t\t\t\t<\/div>\n\t\t<\/section>\n\t\t\t\t<\/div>\n\t\t","protected":false},"excerpt":{"rendered":"<p>Rada Rodzic\u00f3w 2024\/2025 Przewodnicz\u0105ca &#8211; Iwona Pluta-\u0141yszczarz Zast\u0119pca Przewodnicz\u0105cej &#8211; \u017baneta Kowalska Skarbnik &#8211; Karol M\u0119cik<\/p>\n","protected":false},"author":3,"featured_media":0,"parent":0,"menu_order":0,"comment_status":"closed","ping_status":"closed","template":"","meta":{"footnotes":""},"class_list":["post-967","page","type-page","status-publish","hentry"],"_links":{"self":[{"href":"https:\/\/spchoron.ugporaj.pl\/index.php?rest_route=\/wp\/v2\/pages\/967","targetHints":{"allow":["GET"]}}],"collection":[{"href":"https:\/\/spchoron.ugporaj.pl\/index.php?rest_route=\/wp\/v2\/pages"}],"about":[{"href":"https:\/\/spchoron.ugporaj.pl\/index.php?rest_route=\/wp\/v2\/types\/page"}],"author":[{"embeddable":true,"href":"https:\/\/spchoron.ugporaj.pl\/index.php?rest_route=\/wp\/v2\/users\/3"}],"replies":[{"embeddable":true,"href":"https:\/\/spchoron.ugporaj.pl\/index.php?rest_route=%2Fwp%2Fv2%2Fcomments&post=967"}],"version-history":[{"count":10,"href":"https:\/\/spchoron.ugporaj.pl\/index.php?rest_route=\/wp\/v2\/pages\/967\/revisions"}],"predecessor-version":[{"id":1840,"href":"https:\/\/spchoron.ugporaj.pl\/index.php?rest_route=\/wp\/v2\/pages\/967\/revisions\/1840"}],"wp:attachment":[{"href":"https:\/\/spchoron.ugporaj.pl\/index.php?rest_route=%2Fwp%2Fv2%2Fmedia&parent=967"}],"curies":[{"name":"wp","href":"https:\/\/api.w.org\/{rel}","templated":true}]}}