{"id":961,"date":"2024-04-29T10:12:40","date_gmt":"2024-04-29T08:12:40","guid":{"rendered":"http:\/\/spchoron.ugporaj.pl\/?page_id=961"},"modified":"2024-04-29T10:13:26","modified_gmt":"2024-04-29T08:13:26","slug":"jak-korzystanie-z-telefonow-przez-rodzicow-wplywa-na-dzieci","status":"publish","type":"page","link":"https:\/\/spchoron.ugporaj.pl\/?page_id=961","title":{"rendered":"Jak korzystanie z telefon\u00f3w przez rodzic\u00f3w wp\u0142ywa na dzieci"},"content":{"rendered":"\t\t<div data-elementor-type=\"wp-page\" data-elementor-id=\"961\" class=\"elementor elementor-961\">\n\t\t\t\t\t\t<section class=\"elementor-section elementor-top-section elementor-element elementor-element-ca5ec84 elementor-section-boxed elementor-section-height-default elementor-section-height-default\" data-id=\"ca5ec84\" data-element_type=\"section\" data-e-type=\"section\">\n\t\t\t\t\t\t<div class=\"elementor-container elementor-column-gap-default\">\n\t\t\t\t\t<div class=\"elementor-column elementor-col-100 elementor-top-column elementor-element elementor-element-fc67aaf\" data-id=\"fc67aaf\" data-element_type=\"column\" data-e-type=\"column\">\n\t\t\t<div class=\"elementor-widget-wrap elementor-element-populated\">\n\t\t\t\t\t\t<div class=\"elementor-element elementor-element-64c2c5b elementor-widget elementor-widget-image\" data-id=\"64c2c5b\" data-element_type=\"widget\" data-e-type=\"widget\" data-widget_type=\"image.default\">\n\t\t\t\t<div class=\"elementor-widget-container\">\n\t\t\t\t\t\t\t\t\t\t\t\t\t\t\t\t<a href=\"https:\/\/fdds.pl\/o-fundacji\/co-nowego-w-fundacji\/jak-korzystanie-z-telefonow-przez-rodzicow-wplywa-na-dzieci-kampania-blisko-telefonu-daleko-od-dziecka.html\" target=\"_blank\">\n\t\t\t\t\t\t\t<img fetchpriority=\"high\" decoding=\"async\" width=\"640\" height=\"360\" src=\"https:\/\/spchoron.ugporaj.pl\/wp-content\/uploads\/2024\/04\/KV08_2-1024x576.jpg\" class=\"attachment-large size-large wp-image-955\" alt=\"\" srcset=\"https:\/\/spchoron.ugporaj.pl\/wp-content\/uploads\/2024\/04\/KV08_2-1024x576.jpg 1024w, https:\/\/spchoron.ugporaj.pl\/wp-content\/uploads\/2024\/04\/KV08_2-300x169.jpg 300w, https:\/\/spchoron.ugporaj.pl\/wp-content\/uploads\/2024\/04\/KV08_2-768x432.jpg 768w, https:\/\/spchoron.ugporaj.pl\/wp-content\/uploads\/2024\/04\/KV08_2-1536x864.jpg 1536w, https:\/\/spchoron.ugporaj.pl\/wp-content\/uploads\/2024\/04\/KV08_2.jpg 1920w\" sizes=\"(max-width: 640px) 100vw, 640px\" \/>\t\t\t\t\t\t\t\t<\/a>\n\t\t\t\t\t\t\t\t\t\t\t\t\t\t\t<\/div>\n\t\t\t\t<\/div>\n\t\t\t\t\t<\/div>\n\t\t<\/div>\n\t\t\t\t\t<\/div>\n\t\t<\/section>\n\t\t\t\t<\/div>\n\t\t","protected":false},"excerpt":{"rendered":"","protected":false},"author":3,"featured_media":0,"parent":0,"menu_order":0,"comment_status":"closed","ping_status":"closed","template":"","meta":{"footnotes":""},"class_list":["post-961","page","type-page","status-publish","hentry"],"_links":{"self":[{"href":"https:\/\/spchoron.ugporaj.pl\/index.php?rest_route=\/wp\/v2\/pages\/961","targetHints":{"allow":["GET"]}}],"collection":[{"href":"https:\/\/spchoron.ugporaj.pl\/index.php?rest_route=\/wp\/v2\/pages"}],"about":[{"href":"https:\/\/spchoron.ugporaj.pl\/index.php?rest_route=\/wp\/v2\/types\/page"}],"author":[{"embeddable":true,"href":"https:\/\/spchoron.ugporaj.pl\/index.php?rest_route=\/wp\/v2\/users\/3"}],"replies":[{"embeddable":true,"href":"https:\/\/spchoron.ugporaj.pl\/index.php?rest_route=%2Fwp%2Fv2%2Fcomments&post=961"}],"version-history":[{"count":3,"href":"https:\/\/spchoron.ugporaj.pl\/index.php?rest_route=\/wp\/v2\/pages\/961\/revisions"}],"predecessor-version":[{"id":964,"href":"https:\/\/spchoron.ugporaj.pl\/index.php?rest_route=\/wp\/v2\/pages\/961\/revisions\/964"}],"wp:attachment":[{"href":"https:\/\/spchoron.ugporaj.pl\/index.php?rest_route=%2Fwp%2Fv2%2Fmedia&parent=961"}],"curies":[{"name":"wp","href":"https:\/\/api.w.org\/{rel}","templated":true}]}}