{"id":826,"date":"2024-04-12T14:51:35","date_gmt":"2024-04-12T12:51:35","guid":{"rendered":"https:\/\/spchoron.ugporaj.pl\/?page_id=826"},"modified":"2024-11-18T10:10:56","modified_gmt":"2024-11-18T09:10:56","slug":"smak-zycia-czyli-debata-o-dopalaczach","status":"publish","type":"page","link":"https:\/\/spchoron.ugporaj.pl\/?page_id=826","title":{"rendered":"Smak \u017cycia czyli debata o \u201edopalaczach\u201d"},"content":{"rendered":"\t\t<div data-elementor-type=\"wp-page\" data-elementor-id=\"826\" class=\"elementor elementor-826\">\n\t\t\t\t\t\t<section class=\"elementor-section elementor-top-section elementor-element elementor-element-d232edf elementor-section-boxed elementor-section-height-default elementor-section-height-default\" data-id=\"d232edf\" data-element_type=\"section\" data-e-type=\"section\">\n\t\t\t\t\t\t<div class=\"elementor-container elementor-column-gap-default\">\n\t\t\t\t\t<div class=\"elementor-column elementor-col-100 elementor-top-column elementor-element elementor-element-e4b4442\" data-id=\"e4b4442\" data-element_type=\"column\" data-e-type=\"column\">\n\t\t\t<div class=\"elementor-widget-wrap elementor-element-populated\">\n\t\t\t\t\t\t<div class=\"elementor-element elementor-element-dc1e717 elementor-widget elementor-widget-text-editor\" data-id=\"dc1e717\" data-element_type=\"widget\" data-e-type=\"widget\" data-widget_type=\"text-editor.default\">\n\t\t\t\t<div class=\"elementor-widget-container\">\n\t\t\t\t\t\t\t\t\t<p>Program profilaktyki uniwersalnej pt. \u201eSmak \u017cycia czyli debata o dopalaczach\u201d na terenie woj. \u015bl\u0105skiego rozpocz\u0105\u0142 si\u0119 w roku szkolnym 2015\/2016. Jego organizatorem jest \u015al\u0105ski Pa\u0144stwowy Wojew\u00f3dzki Inspektor Sanitarny. Skierowany jest do\u00a0uczni\u00f3w klas 7 i 8,\u00a0a tak\u017ce do rodzic\u00f3w i opiekun\u00f3w uczni\u00f3w.<\/p><h5>Cel programu<\/h5><div><p>Dostarczenie m\u0142odym ludziom podstawowych informacji na temat \u201edopalaczy\u201d i zagro\u017ce\u0144 wynikaj\u0105cych z ich u\u017cywania, a w konsekwencji zwi\u0119kszenia ostro\u017cno\u015bci i zmniejszenia otwarto\u015bci na kontakty z tymi produktami.<\/p><p>Realizowany b\u0119dzie do czerwca 2025 r.\u00a0<\/p><\/div>\t\t\t\t\t\t\t\t<\/div>\n\t\t\t\t<\/div>\n\t\t\t\t<div class=\"elementor-element elementor-element-5a51bc0 elementor-widget elementor-widget-image\" data-id=\"5a51bc0\" data-element_type=\"widget\" data-e-type=\"widget\" data-widget_type=\"image.default\">\n\t\t\t\t<div class=\"elementor-widget-container\">\n\t\t\t\t\t\t\t\t\t\t\t\t\t\t\t\t<a href=\"https:\/\/www.gov.pl\/web\/wsse-katowice\/smak-zycia-czyli-debata-o-dopalaczach\">\n\t\t\t\t\t\t\t<img fetchpriority=\"high\" decoding=\"async\" width=\"199\" height=\"300\" src=\"https:\/\/spchoron.ugporaj.pl\/wp-content\/uploads\/2024\/04\/IMG_20221118_091545046_HDR-199x300.jpg\" class=\"attachment-medium size-medium wp-image-827\" alt=\"\" srcset=\"https:\/\/spchoron.ugporaj.pl\/wp-content\/uploads\/2024\/04\/IMG_20221118_091545046_HDR-199x300.jpg 199w, https:\/\/spchoron.ugporaj.pl\/wp-content\/uploads\/2024\/04\/IMG_20221118_091545046_HDR-680x1024.jpg 680w, https:\/\/spchoron.ugporaj.pl\/wp-content\/uploads\/2024\/04\/IMG_20221118_091545046_HDR-768x1156.jpg 768w, https:\/\/spchoron.ugporaj.pl\/wp-content\/uploads\/2024\/04\/IMG_20221118_091545046_HDR-1020x1536.jpg 1020w, https:\/\/spchoron.ugporaj.pl\/wp-content\/uploads\/2024\/04\/IMG_20221118_091545046_HDR-1360x2048.jpg 1360w, https:\/\/spchoron.ugporaj.pl\/wp-content\/uploads\/2024\/04\/IMG_20221118_091545046_HDR-scaled.jpg 1700w\" sizes=\"(max-width: 199px) 100vw, 199px\" \/>\t\t\t\t\t\t\t\t<\/a>\n\t\t\t\t\t\t\t\t\t\t\t\t\t\t\t<\/div>\n\t\t\t\t<\/div>\n\t\t\t\t\t<\/div>\n\t\t<\/div>\n\t\t\t\t\t<\/div>\n\t\t<\/section>\n\t\t\t\t<\/div>\n\t\t","protected":false},"excerpt":{"rendered":"<p>Program profilaktyki uniwersalnej pt. \u201eSmak \u017cycia czyli debata o dopalaczach\u201d na terenie woj. \u015bl\u0105skiego rozpocz\u0105\u0142 si\u0119 w roku szkolnym 2015\/2016. Jego organizatorem jest \u015al\u0105ski Pa\u0144stwowy Wojew\u00f3dzki Inspektor Sanitarny. Skierowany jest do\u00a0uczni\u00f3w klas 7 i 8,\u00a0a tak\u017ce do rodzic\u00f3w i opiekun\u00f3w uczni\u00f3w. Cel programu Dostarczenie m\u0142odym ludziom podstawowych informacji na temat \u201edopalaczy\u201d i zagro\u017ce\u0144 wynikaj\u0105cych z [&hellip;]<\/p>\n","protected":false},"author":3,"featured_media":0,"parent":0,"menu_order":0,"comment_status":"closed","ping_status":"closed","template":"","meta":{"footnotes":""},"class_list":["post-826","page","type-page","status-publish","hentry"],"_links":{"self":[{"href":"https:\/\/spchoron.ugporaj.pl\/index.php?rest_route=\/wp\/v2\/pages\/826","targetHints":{"allow":["GET"]}}],"collection":[{"href":"https:\/\/spchoron.ugporaj.pl\/index.php?rest_route=\/wp\/v2\/pages"}],"about":[{"href":"https:\/\/spchoron.ugporaj.pl\/index.php?rest_route=\/wp\/v2\/types\/page"}],"author":[{"embeddable":true,"href":"https:\/\/spchoron.ugporaj.pl\/index.php?rest_route=\/wp\/v2\/users\/3"}],"replies":[{"embeddable":true,"href":"https:\/\/spchoron.ugporaj.pl\/index.php?rest_route=%2Fwp%2Fv2%2Fcomments&post=826"}],"version-history":[{"count":9,"href":"https:\/\/spchoron.ugporaj.pl\/index.php?rest_route=\/wp\/v2\/pages\/826\/revisions"}],"predecessor-version":[{"id":1600,"href":"https:\/\/spchoron.ugporaj.pl\/index.php?rest_route=\/wp\/v2\/pages\/826\/revisions\/1600"}],"wp:attachment":[{"href":"https:\/\/spchoron.ugporaj.pl\/index.php?rest_route=%2Fwp%2Fv2%2Fmedia&parent=826"}],"curies":[{"name":"wp","href":"https:\/\/api.w.org\/{rel}","templated":true}]}}