{"id":817,"date":"2024-04-12T14:45:43","date_gmt":"2024-04-12T12:45:43","guid":{"rendered":"https:\/\/spchoron.ugporaj.pl\/?page_id=817"},"modified":"2024-11-18T10:08:09","modified_gmt":"2024-11-18T09:08:09","slug":"bieg-po-zdrowie","status":"publish","type":"page","link":"https:\/\/spchoron.ugporaj.pl\/?page_id=817","title":{"rendered":"Bieg po zdrowie"},"content":{"rendered":"\t\t<div data-elementor-type=\"wp-page\" data-elementor-id=\"817\" class=\"elementor elementor-817\">\n\t\t\t\t\t\t<section class=\"elementor-section elementor-top-section elementor-element elementor-element-b77dbe1 elementor-section-boxed elementor-section-height-default elementor-section-height-default\" data-id=\"b77dbe1\" data-element_type=\"section\" data-e-type=\"section\">\n\t\t\t\t\t\t<div class=\"elementor-container elementor-column-gap-default\">\n\t\t\t\t\t<div class=\"elementor-column elementor-col-100 elementor-top-column elementor-element elementor-element-2e2bd6f\" data-id=\"2e2bd6f\" data-element_type=\"column\" data-e-type=\"column\">\n\t\t\t<div class=\"elementor-widget-wrap elementor-element-populated\">\n\t\t\t\t\t\t<div class=\"elementor-element elementor-element-6dcd412 elementor-widget elementor-widget-text-editor\" data-id=\"6dcd412\" data-element_type=\"widget\" data-e-type=\"widget\" data-widget_type=\"text-editor.default\">\n\t\t\t\t<div class=\"elementor-widget-container\">\n\t\t\t\t\t\t\t\t\t<p>\u201eBieg po zdrowie\u201d to nowy program antytytoniowej edukacji zdrowotnej opracowany w G\u0142\u00f3wnym Inspektoracie Sanitarnym we wsp\u00f3\u0142pracy z ekspertami. \u00a0Skierowany jest do uczni\u00f3w klasy IV, a tak\u017ce do rodzic\u00f3w i opiekun\u00f3w uczni\u00f3w.<\/p><p><strong>G\u0142\u00f3wne cele programu:<\/strong><\/p><ul><li>op\u00f3\u017anienie lub zapobiegni\u0119cie inicjacji tytoniowej w\u015br\u00f3d dzieci i m\u0142odzie\u017cy,<\/li><li>pokazanie atrakcyjno\u015bci \u017cycia w \u015brodowisku wolnym od dymu tytoniowego,<\/li><li>zwi\u0119kszanie wiedzy i umiej\u0119tno\u015bci uczni\u00f3w na temat zdrowia w kontek\u015bcie szkodliwo\u015bci palenia papieros\u00f3w.<\/li><\/ul><p>Realizowany b\u0119dzie do czerwca 2025 r.\u00a0<\/p>\t\t\t\t\t\t\t\t<\/div>\n\t\t\t\t<\/div>\n\t\t\t\t\t<\/div>\n\t\t<\/div>\n\t\t\t\t\t<\/div>\n\t\t<\/section>\n\t\t\t\t<section class=\"elementor-section elementor-top-section elementor-element elementor-element-b2fec29 elementor-section-boxed elementor-section-height-default elementor-section-height-default\" data-id=\"b2fec29\" data-element_type=\"section\" data-e-type=\"section\">\n\t\t\t\t\t\t<div class=\"elementor-container elementor-column-gap-default\">\n\t\t\t\t\t<div class=\"elementor-column elementor-col-100 elementor-top-column elementor-element elementor-element-d19109e\" data-id=\"d19109e\" data-element_type=\"column\" data-e-type=\"column\">\n\t\t\t<div class=\"elementor-widget-wrap elementor-element-populated\">\n\t\t\t\t\t\t<div class=\"elementor-element elementor-element-1390431 elementor-widget elementor-widget-image\" data-id=\"1390431\" data-element_type=\"widget\" data-e-type=\"widget\" data-widget_type=\"image.default\">\n\t\t\t\t<div class=\"elementor-widget-container\">\n\t\t\t\t\t\t\t\t\t\t\t\t\t\t\t\t<a href=\"https:\/\/www.gov.pl\/web\/gis\/bieg-po-zdrowie---program-antytytoniowej-edukacji-zdrowotnej\" target=\"_blank\">\n\t\t\t\t\t\t\t<img fetchpriority=\"high\" decoding=\"async\" width=\"640\" height=\"270\" src=\"https:\/\/spchoron.ugporaj.pl\/wp-content\/uploads\/2024\/04\/1460x616-1024x432.png\" class=\"attachment-large size-large wp-image-818\" alt=\"\" srcset=\"https:\/\/spchoron.ugporaj.pl\/wp-content\/uploads\/2024\/04\/1460x616-1024x432.png 1024w, https:\/\/spchoron.ugporaj.pl\/wp-content\/uploads\/2024\/04\/1460x616-300x127.png 300w, https:\/\/spchoron.ugporaj.pl\/wp-content\/uploads\/2024\/04\/1460x616-768x324.png 768w, https:\/\/spchoron.ugporaj.pl\/wp-content\/uploads\/2024\/04\/1460x616.png 1460w\" sizes=\"(max-width: 640px) 100vw, 640px\" \/>\t\t\t\t\t\t\t\t<\/a>\n\t\t\t\t\t\t\t\t\t\t\t\t\t\t\t<\/div>\n\t\t\t\t<\/div>\n\t\t\t\t\t<\/div>\n\t\t<\/div>\n\t\t\t\t\t<\/div>\n\t\t<\/section>\n\t\t\t\t<\/div>\n\t\t","protected":false},"excerpt":{"rendered":"<p>\u201eBieg po zdrowie\u201d to nowy program antytytoniowej edukacji zdrowotnej opracowany w G\u0142\u00f3wnym Inspektoracie Sanitarnym we wsp\u00f3\u0142pracy z ekspertami. \u00a0Skierowany jest do uczni\u00f3w klasy IV, a tak\u017ce do rodzic\u00f3w i opiekun\u00f3w uczni\u00f3w. G\u0142\u00f3wne cele programu: op\u00f3\u017anienie lub zapobiegni\u0119cie inicjacji tytoniowej w\u015br\u00f3d dzieci i m\u0142odzie\u017cy, pokazanie atrakcyjno\u015bci \u017cycia w \u015brodowisku wolnym od dymu tytoniowego, zwi\u0119kszanie wiedzy i [&hellip;]<\/p>\n","protected":false},"author":3,"featured_media":0,"parent":0,"menu_order":0,"comment_status":"closed","ping_status":"closed","template":"","meta":{"footnotes":""},"class_list":["post-817","page","type-page","status-publish","hentry"],"_links":{"self":[{"href":"https:\/\/spchoron.ugporaj.pl\/index.php?rest_route=\/wp\/v2\/pages\/817","targetHints":{"allow":["GET"]}}],"collection":[{"href":"https:\/\/spchoron.ugporaj.pl\/index.php?rest_route=\/wp\/v2\/pages"}],"about":[{"href":"https:\/\/spchoron.ugporaj.pl\/index.php?rest_route=\/wp\/v2\/types\/page"}],"author":[{"embeddable":true,"href":"https:\/\/spchoron.ugporaj.pl\/index.php?rest_route=\/wp\/v2\/users\/3"}],"replies":[{"embeddable":true,"href":"https:\/\/spchoron.ugporaj.pl\/index.php?rest_route=%2Fwp%2Fv2%2Fcomments&post=817"}],"version-history":[{"count":10,"href":"https:\/\/spchoron.ugporaj.pl\/index.php?rest_route=\/wp\/v2\/pages\/817\/revisions"}],"predecessor-version":[{"id":1595,"href":"https:\/\/spchoron.ugporaj.pl\/index.php?rest_route=\/wp\/v2\/pages\/817\/revisions\/1595"}],"wp:attachment":[{"href":"https:\/\/spchoron.ugporaj.pl\/index.php?rest_route=%2Fwp%2Fv2%2Fmedia&parent=817"}],"curies":[{"name":"wp","href":"https:\/\/api.w.org\/{rel}","templated":true}]}}