{"id":764,"date":"2024-04-12T11:51:22","date_gmt":"2024-04-12T09:51:22","guid":{"rendered":"https:\/\/spchoron.ugporaj.pl\/?page_id=764"},"modified":"2024-04-12T12:03:47","modified_gmt":"2024-04-12T10:03:47","slug":"bezpieczenstwo","status":"publish","type":"page","link":"https:\/\/spchoron.ugporaj.pl\/?page_id=764","title":{"rendered":"Bezpiecze\u0144stwo"},"content":{"rendered":"\t\t<div data-elementor-type=\"wp-page\" data-elementor-id=\"764\" class=\"elementor elementor-764\">\n\t\t\t\t\t\t<section class=\"elementor-section elementor-top-section elementor-element elementor-element-81180ff elementor-section-boxed elementor-section-height-default elementor-section-height-default\" data-id=\"81180ff\" data-element_type=\"section\" data-e-type=\"section\">\n\t\t\t\t\t\t<div class=\"elementor-container elementor-column-gap-default\">\n\t\t\t\t\t<div class=\"elementor-column elementor-col-100 elementor-top-column elementor-element elementor-element-affb28a\" data-id=\"affb28a\" data-element_type=\"column\" data-e-type=\"column\">\n\t\t\t<div class=\"elementor-widget-wrap elementor-element-populated\">\n\t\t\t\t\t\t<div class=\"elementor-element elementor-element-43dac00 elementor-widget elementor-widget-text-editor\" data-id=\"43dac00\" data-element_type=\"widget\" data-e-type=\"widget\" data-widget_type=\"text-editor.default\">\n\t\t\t\t<div class=\"elementor-widget-container\">\n\t\t\t\t\t\t\t\t\t<p>Dr\u0119cz\u0105 Ci\u0119 w szkole, bij\u0105 na podw\u00f3rku, boisz si\u0119 wychodzi\u0107 z domu? Sta\u0142e\u015b si\u0119 celem ataku w internecie, jest hejt na Ciebie, kto\u015b wpu\u015bci\u0142 do sieci Twoje kompromituj\u0105ce zdj\u0119cie? Zosta\u0142e\u015b sam, pogubi\u0142e\u015b si\u0119 w \u017cyciu, straci\u0142e\u015b przyjaciela, nie masz z kim pogada\u0107?<\/p><p>Nie jeste\u015b sam! Zadzwo\u0144 pod numer 800 12 12 12. To telefon zaufania Rzecznika Praw Dziecka.<\/p><p>Czekaj\u0105 na Ciebie ludzie, kt\u00f3rzy Ci pomog\u0105. Za darmo. Nie musisz si\u0119 przedstawiasz ani m\u00f3wi\u0107, sk\u0105d dzwonisz. Eksperci z Telefonu Zaufania pomog\u0105 Ci rozwi\u0105za\u0107 Tw\u00f3j problem, wyja\u015bni\u0105, co robi\u0107, jak si\u0119 zachowa\u0107, gdzie znale\u017a\u0107 konkretne wsparcie.<\/p><p><a href=\"https:\/\/800121212.pl\/\" target=\"_blank\" rel=\"noopener\">www.800121212.pl<\/a><\/p>\t\t\t\t\t\t\t\t<\/div>\n\t\t\t\t<\/div>\n\t\t\t\t\t<\/div>\n\t\t<\/div>\n\t\t\t\t\t<\/div>\n\t\t<\/section>\n\t\t\t\t<section class=\"elementor-section elementor-top-section elementor-element elementor-element-5064e09 elementor-section-boxed elementor-section-height-default elementor-section-height-default\" data-id=\"5064e09\" data-element_type=\"section\" data-e-type=\"section\">\n\t\t\t\t\t\t<div class=\"elementor-container elementor-column-gap-default\">\n\t\t\t\t\t<div class=\"elementor-column elementor-col-100 elementor-top-column elementor-element elementor-element-d620713\" data-id=\"d620713\" data-element_type=\"column\" data-e-type=\"column\">\n\t\t\t<div class=\"elementor-widget-wrap elementor-element-populated\">\n\t\t\t\t\t\t<div class=\"elementor-element elementor-element-2c0f17c elementor-widget elementor-widget-image-gallery\" data-id=\"2c0f17c\" data-element_type=\"widget\" data-e-type=\"widget\" data-widget_type=\"image-gallery.default\">\n\t\t\t\t<div class=\"elementor-widget-container\">\n\t\t\t\t\t\t\t<div class=\"elementor-image-gallery\">\n\t\t\t<div id='gallery-1' class='gallery galleryid-764 gallery-columns-2 gallery-size-medium'><figure class='gallery-item'>\n\t\t\t<div class='gallery-icon portrait'>\n\t\t\t\t<a data-elementor-open-lightbox=\"yes\" data-elementor-lightbox-slideshow=\"2c0f17c\" data-elementor-lightbox-title=\"PLAKAT-TEL-ZAUFANIA_wybrany_A3\" data-e-action-hash=\"#elementor-action%3Aaction%3Dlightbox%26settings%3DeyJpZCI6NzcxLCJ1cmwiOiJodHRwczpcL1wvc3BjaG9yb24udWdwb3Jhai5wbFwvd3AtY29udGVudFwvdXBsb2Fkc1wvMjAyNFwvMDRcL1BMQUtBVC1URUwtWkFVRkFOSUFfd3licmFueV9BMy5wbmciLCJzbGlkZXNob3ciOiIyYzBmMTdjIn0%3D\" href='https:\/\/spchoron.ugporaj.pl\/wp-content\/uploads\/2024\/04\/PLAKAT-TEL-ZAUFANIA_wybrany_A3.png'><img fetchpriority=\"high\" decoding=\"async\" width=\"217\" height=\"300\" src=\"https:\/\/spchoron.ugporaj.pl\/wp-content\/uploads\/2024\/04\/PLAKAT-TEL-ZAUFANIA_wybrany_A3-217x300.png\" class=\"attachment-medium size-medium\" alt=\"\" srcset=\"https:\/\/spchoron.ugporaj.pl\/wp-content\/uploads\/2024\/04\/PLAKAT-TEL-ZAUFANIA_wybrany_A3-217x300.png 217w, https:\/\/spchoron.ugporaj.pl\/wp-content\/uploads\/2024\/04\/PLAKAT-TEL-ZAUFANIA_wybrany_A3-740x1024.png 740w, https:\/\/spchoron.ugporaj.pl\/wp-content\/uploads\/2024\/04\/PLAKAT-TEL-ZAUFANIA_wybrany_A3-768x1062.png 768w, https:\/\/spchoron.ugporaj.pl\/wp-content\/uploads\/2024\/04\/PLAKAT-TEL-ZAUFANIA_wybrany_A3.png 858w\" sizes=\"(max-width: 217px) 100vw, 217px\" \/><\/a>\n\t\t\t<\/div><\/figure><figure class='gallery-item'>\n\t\t\t<div class='gallery-icon portrait'>\n\t\t\t\t<a data-elementor-open-lightbox=\"yes\" data-elementor-lightbox-slideshow=\"2c0f17c\" data-elementor-lightbox-title=\"a3 u1\" data-e-action-hash=\"#elementor-action%3Aaction%3Dlightbox%26settings%3DeyJpZCI6NzcwLCJ1cmwiOiJodHRwczpcL1wvc3BjaG9yb24udWdwb3Jhai5wbFwvd3AtY29udGVudFwvdXBsb2Fkc1wvMjAyNFwvMDRcL2EzLXUxLTIucG5nIiwic2xpZGVzaG93IjoiMmMwZjE3YyJ9\" href='https:\/\/spchoron.ugporaj.pl\/wp-content\/uploads\/2024\/04\/a3-u1-2.png'><img decoding=\"async\" width=\"204\" height=\"300\" src=\"https:\/\/spchoron.ugporaj.pl\/wp-content\/uploads\/2024\/04\/a3-u1-2-204x300.png\" class=\"attachment-medium size-medium\" alt=\"\" srcset=\"https:\/\/spchoron.ugporaj.pl\/wp-content\/uploads\/2024\/04\/a3-u1-2-204x300.png 204w, https:\/\/spchoron.ugporaj.pl\/wp-content\/uploads\/2024\/04\/a3-u1-2.png 472w\" sizes=\"(max-width: 204px) 100vw, 204px\" \/><\/a>\n\t\t\t<\/div><\/figure>\n\t\t<\/div>\n\t\t<\/div>\n\t\t\t\t\t\t<\/div>\n\t\t\t\t<\/div>\n\t\t\t\t\t<\/div>\n\t\t<\/div>\n\t\t\t\t\t<\/div>\n\t\t<\/section>\n\t\t\t\t<\/div>\n\t\t","protected":false},"excerpt":{"rendered":"<p>Dr\u0119cz\u0105 Ci\u0119 w szkole, bij\u0105 na podw\u00f3rku, boisz si\u0119 wychodzi\u0107 z domu? Sta\u0142e\u015b si\u0119 celem ataku w internecie, jest hejt na Ciebie, kto\u015b wpu\u015bci\u0142 do sieci Twoje kompromituj\u0105ce zdj\u0119cie? Zosta\u0142e\u015b sam, pogubi\u0142e\u015b si\u0119 w \u017cyciu, straci\u0142e\u015b przyjaciela, nie masz z kim pogada\u0107? Nie jeste\u015b sam! Zadzwo\u0144 pod numer 800 12 12 12. To telefon zaufania [&hellip;]<\/p>\n","protected":false},"author":3,"featured_media":0,"parent":0,"menu_order":0,"comment_status":"closed","ping_status":"closed","template":"","meta":{"footnotes":""},"class_list":["post-764","page","type-page","status-publish","hentry"],"_links":{"self":[{"href":"https:\/\/spchoron.ugporaj.pl\/index.php?rest_route=\/wp\/v2\/pages\/764","targetHints":{"allow":["GET"]}}],"collection":[{"href":"https:\/\/spchoron.ugporaj.pl\/index.php?rest_route=\/wp\/v2\/pages"}],"about":[{"href":"https:\/\/spchoron.ugporaj.pl\/index.php?rest_route=\/wp\/v2\/types\/page"}],"author":[{"embeddable":true,"href":"https:\/\/spchoron.ugporaj.pl\/index.php?rest_route=\/wp\/v2\/users\/3"}],"replies":[{"embeddable":true,"href":"https:\/\/spchoron.ugporaj.pl\/index.php?rest_route=%2Fwp%2Fv2%2Fcomments&post=764"}],"version-history":[{"count":3,"href":"https:\/\/spchoron.ugporaj.pl\/index.php?rest_route=\/wp\/v2\/pages\/764\/revisions"}],"predecessor-version":[{"id":774,"href":"https:\/\/spchoron.ugporaj.pl\/index.php?rest_route=\/wp\/v2\/pages\/764\/revisions\/774"}],"wp:attachment":[{"href":"https:\/\/spchoron.ugporaj.pl\/index.php?rest_route=%2Fwp%2Fv2%2Fmedia&parent=764"}],"curies":[{"name":"wp","href":"https:\/\/api.w.org\/{rel}","templated":true}]}}