{"id":709,"date":"2024-04-05T12:18:58","date_gmt":"2024-04-05T10:18:58","guid":{"rendered":"https:\/\/spchoron.ugporaj.pl\/?page_id=709"},"modified":"2024-04-05T12:25:18","modified_gmt":"2024-04-05T10:25:18","slug":"historia-szkoly","status":"publish","type":"page","link":"https:\/\/spchoron.ugporaj.pl\/?page_id=709","title":{"rendered":"Historia Szko\u0142y"},"content":{"rendered":"\t\t<div data-elementor-type=\"wp-page\" data-elementor-id=\"709\" class=\"elementor elementor-709\">\n\t\t\t\t\t\t<section class=\"elementor-section elementor-top-section elementor-element elementor-element-ec0b20d elementor-section-boxed elementor-section-height-default elementor-section-height-default\" data-id=\"ec0b20d\" data-element_type=\"section\" data-e-type=\"section\">\n\t\t\t\t\t\t<div class=\"elementor-container elementor-column-gap-default\">\n\t\t\t\t\t<div class=\"elementor-column elementor-col-33 elementor-top-column elementor-element elementor-element-25293f0\" data-id=\"25293f0\" data-element_type=\"column\" data-e-type=\"column\">\n\t\t\t<div class=\"elementor-widget-wrap elementor-element-populated\">\n\t\t\t\t\t\t<div class=\"elementor-element elementor-element-f5780fc elementor-widget elementor-widget-image\" data-id=\"f5780fc\" data-element_type=\"widget\" data-e-type=\"widget\" data-widget_type=\"image.default\">\n\t\t\t\t<div class=\"elementor-widget-container\">\n\t\t\t\t\t\t\t\t\t\t\t\t\t\t\t<img fetchpriority=\"high\" decoding=\"async\" width=\"333\" height=\"201\" src=\"https:\/\/spchoron.ugporaj.pl\/wp-content\/uploads\/2021\/12\/historia2.png\" class=\"attachment-large size-large wp-image-492\" alt=\"\" srcset=\"https:\/\/spchoron.ugporaj.pl\/wp-content\/uploads\/2021\/12\/historia2.png 333w, https:\/\/spchoron.ugporaj.pl\/wp-content\/uploads\/2021\/12\/historia2-300x181.png 300w\" sizes=\"(max-width: 333px) 100vw, 333px\" \/>\t\t\t\t\t\t\t\t\t\t\t\t\t\t\t<\/div>\n\t\t\t\t<\/div>\n\t\t\t\t<div class=\"elementor-element elementor-element-dc14c8a elementor-widget elementor-widget-image\" data-id=\"dc14c8a\" data-element_type=\"widget\" data-e-type=\"widget\" data-widget_type=\"image.default\">\n\t\t\t\t<div class=\"elementor-widget-container\">\n\t\t\t\t\t\t\t\t\t\t\t\t\t\t\t<img decoding=\"async\" width=\"320\" height=\"203\" src=\"https:\/\/spchoron.ugporaj.pl\/wp-content\/uploads\/2021\/12\/historia1.png\" class=\"attachment-large size-large wp-image-493\" alt=\"\" srcset=\"https:\/\/spchoron.ugporaj.pl\/wp-content\/uploads\/2021\/12\/historia1.png 320w, https:\/\/spchoron.ugporaj.pl\/wp-content\/uploads\/2021\/12\/historia1-300x190.png 300w\" sizes=\"(max-width: 320px) 100vw, 320px\" \/>\t\t\t\t\t\t\t\t\t\t\t\t\t\t\t<\/div>\n\t\t\t\t<\/div>\n\t\t\t\t\t<\/div>\n\t\t<\/div>\n\t\t\t\t<div class=\"elementor-column elementor-col-66 elementor-top-column elementor-element elementor-element-cda49a1\" data-id=\"cda49a1\" data-element_type=\"column\" data-e-type=\"column\">\n\t\t\t<div class=\"elementor-widget-wrap elementor-element-populated\">\n\t\t\t\t\t\t<div class=\"elementor-element elementor-element-b80190e elementor-widget elementor-widget-text-editor\" data-id=\"b80190e\" data-element_type=\"widget\" data-e-type=\"widget\" data-widget_type=\"text-editor.default\">\n\t\t\t\t<div class=\"elementor-widget-container\">\n\t\t\t\t\t\t\t\t\t<p class=\"font_7\" style=\"box-sizing: inherit;\">Historia szko\u0142y w Choroniu si\u0119ga roku 1912, kiedy to w\u00f3jt choro\u0144ski Franciszek Rajczyk i so\u0142tys Piotr Potempski podj\u0119li inicjatyw\u0119 budowy szko\u0142y. Starania te nie zosta\u0142y w\u00f3wczas uwie\u0144czone sukcesem, podobno z winy niekt\u00f3rych mieszka\u0144c\u00f3w nie aprobuj\u0105cych idei wsp\u00f3\u0142finansowania szko\u0142y przez gromad\u0119. Nie przeszkodzi\u0142o to jednak w organizacji nauczania. W latach 1912-1918 w Choroniu w miesi\u0105cach zimowych pobierano nauk\u0119 w prywatnym domu ( obecnie ul. Wolno\u015bci 31 ). Lekcji udzielali w\u00f3wczas przygodni nauczyciele. Mieszkanie i utrzymanie by\u0142o dla nich atrakcyjn\u0105 zap\u0142at\u0105 w tamtych trudnych, wojennych czasach- tote\u017c ch\u0119tnych nie brakowa\u0142o.<\/p><p class=\"font_7\" style=\"box-sizing: inherit;\">Po odzyskaniu niepodleg\u0142o\u015bci w 1918 roku pojawi\u0142y si\u0119 szanse na utworzenie ca\u0142orocznej szko\u0142y. Inauguracj\u0105 nowej 6-cio klasowej szko\u0142y podstawowej by\u0142 pocz\u0105tek roku szkolnego 1919\/1920. Wtedy by\u0142a to jeszcze skromna jednoizbowa szko\u0142a, ale ju\u017c w roku 1921 uda\u0142o si\u0119 wygospodarowa\u0107 drug\u0105 izb\u0119 lekcyjn\u0105. Wci\u0105\u017c jednak by\u0142y to izby w dw\u00f3ch r\u00f3\u017cnych prywatnych domach. Trzeba wi\u0119c by\u0142o wybudowa\u0107 nowy budynek z przeznaczeniem na szko\u0142\u0119. W roku 1924 do wybudowania szko\u0142y w Choroniu zg\u0142osi\u0142 si\u0119 przedsi\u0119biorca Wac\u0142aw Konieczny, szko\u0142a mia\u0142a powsta\u0107 w ci\u0105gu trzech lat. Z powierzonego zadania Konieczny si\u0119 jednak nie wywi\u0105za\u0142 i w 1929 roku z inicjatywy mieszka\u0144c\u00f3w Choronia powsta\u0142 Komitet Budowy Domu Ludowego. Komitet przeprowadzi\u0142 zbi\u00f3rk\u0119 pieni\u0119dzy na potrzeby budowy szko\u0142y i w 1931 roku now\u0105 szko\u0142\u0119 oddano do u\u017cytku.<\/p><p class=\"font_7\" style=\"box-sizing: inherit;\">Budynek szko\u0142y powsta\u0142 na Wojn\u00f3wce przy obecnej ulicy Ludowej. By\u0142 to parterowy budynek z poddaszem u\u017cytkowym, posiada\u0142 trzy sale lekcyjne i pomieszczenie administracyjne. Szko\u0142a ta by\u0142a czynna do 1970 roku, kiedy to oddano do u\u017cytku nowoczesny budynek szkolny przy ulicy Szkolnej.<\/p><p class=\"font_7\" style=\"box-sizing: inherit;\">W starej szkole w ci\u0105gu 40 lat jej funkcjonowania uczy\u0142o 12 nauczycieli. Byli to m.in. Jan Fazan, Piotr Wilczy\u0144ski, Hipolit Zielnica, Maria Grzybowska, Maria i Roman Prostaccy. Z inicjatywy Hipolita Zielnicy za\u0142o\u017cono szkolny zesp\u00f3\u0142 teatralny i m\u0142odzie\u017cow\u0105 orkiestr\u0119.<\/p><p class=\"font_7\" style=\"box-sizing: inherit;\">Obecnie w Choroniu dzia\u0142a sze\u015bcioklasowa szko\u0142a podstawowa. Budynek dawnej szko\u0142y na Wojn\u00f3wce zosta\u0142 przebudowany i przez szereg lat stanowi\u0142 magazyn RSP , nie remontowany stopniowo zamienia\u0142 si\u0119 w ruin\u0119. Szko\u0142a w Choroniu posiada sw\u00f3j sztandar, kt\u00f3ry zosta\u0142 nadany w 1928 roku . Sztandar obecnie znajduje si\u0119 w budynku szko\u0142y przy ulicy Szkolnej.<\/p><p class=\"font_7\" style=\"box-sizing: inherit;\">\u0179r\u00f3d\u0142o : Sitarz \u0141., Kr\u00f3lak Z., Duda J., Historia wsi Choro\u0144. Zarys., Choro\u0144 2010.<\/p>\t\t\t\t\t\t\t\t<\/div>\n\t\t\t\t<\/div>\n\t\t\t\t\t<\/div>\n\t\t<\/div>\n\t\t\t\t\t<\/div>\n\t\t<\/section>\n\t\t\t\t<\/div>\n\t\t","protected":false},"excerpt":{"rendered":"<p>Historia szko\u0142y w Choroniu si\u0119ga roku 1912, kiedy to w\u00f3jt choro\u0144ski Franciszek Rajczyk i so\u0142tys Piotr Potempski podj\u0119li inicjatyw\u0119 budowy szko\u0142y. Starania te nie zosta\u0142y w\u00f3wczas uwie\u0144czone sukcesem, podobno z winy niekt\u00f3rych mieszka\u0144c\u00f3w nie aprobuj\u0105cych idei wsp\u00f3\u0142finansowania szko\u0142y przez gromad\u0119. Nie przeszkodzi\u0142o to jednak w organizacji nauczania. W latach 1912-1918 w Choroniu w miesi\u0105cach zimowych [&hellip;]<\/p>\n","protected":false},"author":3,"featured_media":0,"parent":0,"menu_order":0,"comment_status":"closed","ping_status":"closed","template":"","meta":{"footnotes":""},"class_list":["post-709","page","type-page","status-publish","hentry"],"_links":{"self":[{"href":"https:\/\/spchoron.ugporaj.pl\/index.php?rest_route=\/wp\/v2\/pages\/709","targetHints":{"allow":["GET"]}}],"collection":[{"href":"https:\/\/spchoron.ugporaj.pl\/index.php?rest_route=\/wp\/v2\/pages"}],"about":[{"href":"https:\/\/spchoron.ugporaj.pl\/index.php?rest_route=\/wp\/v2\/types\/page"}],"author":[{"embeddable":true,"href":"https:\/\/spchoron.ugporaj.pl\/index.php?rest_route=\/wp\/v2\/users\/3"}],"replies":[{"embeddable":true,"href":"https:\/\/spchoron.ugporaj.pl\/index.php?rest_route=%2Fwp%2Fv2%2Fcomments&post=709"}],"version-history":[{"count":4,"href":"https:\/\/spchoron.ugporaj.pl\/index.php?rest_route=\/wp\/v2\/pages\/709\/revisions"}],"predecessor-version":[{"id":713,"href":"https:\/\/spchoron.ugporaj.pl\/index.php?rest_route=\/wp\/v2\/pages\/709\/revisions\/713"}],"wp:attachment":[{"href":"https:\/\/spchoron.ugporaj.pl\/index.php?rest_route=%2Fwp%2Fv2%2Fmedia&parent=709"}],"curies":[{"name":"wp","href":"https:\/\/api.w.org\/{rel}","templated":true}]}}