{"id":649,"date":"2025-10-10T14:10:55","date_gmt":"2025-10-10T12:10:55","guid":{"rendered":"https:\/\/spchoron.ugporaj.pl\/?page_id=649"},"modified":"2025-10-10T14:11:58","modified_gmt":"2025-10-10T12:11:58","slug":"dokumenty-2","status":"publish","type":"page","link":"https:\/\/spchoron.ugporaj.pl\/?page_id=649","title":{"rendered":"Dokumenty"},"content":{"rendered":"<p><a href=\"http:\/\/spchoron.ugporaj.pl\/wp-content\/uploads\/2025\/10\/STATUT-aktualny.docx.pdf\" target=\"_blank\" rel=\"noopener\">Statut Szko\u0142y Podstawowej w Choroniu<\/a><\/p>\n<p><a href=\"http:\/\/spchoron.ugporaj.pl\/wp-content\/uploads\/2025\/09\/program-prof-choron.pdf\" target=\"_blank\" rel=\"noopener\">Program wychowawczo-profilaktyczny<\/a><\/p>\n<p><a href=\"http:\/\/spchoron.ugporaj.pl\/wp-content\/uploads\/2025\/01\/Szkolny-zestaw-podrecznikow.pdf\" target=\"_blank\" rel=\"noopener\">Szkolny zestaw podr\u0119cznik\u00f3w na rok szkolny 2024\/2025<\/a><\/p>\n<p>&nbsp;<\/p>\n","protected":false},"excerpt":{"rendered":"<p>Statut Szko\u0142y Podstawowej w Choroniu Program wychowawczo-profilaktyczny Szkolny zestaw podr\u0119cznik\u00f3w na rok szkolny 2024\/2025 &nbsp;<\/p>\n","protected":false},"author":3,"featured_media":0,"parent":0,"menu_order":0,"comment_status":"closed","ping_status":"closed","template":"","meta":{"footnotes":""},"class_list":["post-649","page","type-page","status-publish","hentry"],"_links":{"self":[{"href":"https:\/\/spchoron.ugporaj.pl\/index.php?rest_route=\/wp\/v2\/pages\/649","targetHints":{"allow":["GET"]}}],"collection":[{"href":"https:\/\/spchoron.ugporaj.pl\/index.php?rest_route=\/wp\/v2\/pages"}],"about":[{"href":"https:\/\/spchoron.ugporaj.pl\/index.php?rest_route=\/wp\/v2\/types\/page"}],"author":[{"embeddable":true,"href":"https:\/\/spchoron.ugporaj.pl\/index.php?rest_route=\/wp\/v2\/users\/3"}],"replies":[{"embeddable":true,"href":"https:\/\/spchoron.ugporaj.pl\/index.php?rest_route=%2Fwp%2Fv2%2Fcomments&post=649"}],"version-history":[{"count":9,"href":"https:\/\/spchoron.ugporaj.pl\/index.php?rest_route=\/wp\/v2\/pages\/649\/revisions"}],"predecessor-version":[{"id":3039,"href":"https:\/\/spchoron.ugporaj.pl\/index.php?rest_route=\/wp\/v2\/pages\/649\/revisions\/3039"}],"wp:attachment":[{"href":"https:\/\/spchoron.ugporaj.pl\/index.php?rest_route=%2Fwp%2Fv2%2Fmedia&parent=649"}],"curies":[{"name":"wp","href":"https:\/\/api.w.org\/{rel}","templated":true}]}}