{"id":477,"date":"2021-12-03T11:51:56","date_gmt":"2021-12-03T10:51:56","guid":{"rendered":"http:\/\/spchoron.ugporaj.pl\/?page_id=477"},"modified":"2024-04-05T12:59:23","modified_gmt":"2024-04-05T10:59:23","slug":"oddzial-przedszkolny","status":"publish","type":"page","link":"https:\/\/spchoron.ugporaj.pl\/?page_id=477","title":{"rendered":"O przedszkolu"},"content":{"rendered":"<div id=\"i2c49o93\" class=\"_1Q9if\" data-testid=\"richTextElement\">\n<h2 class=\"font_2\">Z \u017cycia przedszkola<\/h2>\n<\/div>\n<div id=\"i2c4wsuo\" class=\"_1Q9if\" data-testid=\"richTextElement\">\n<p class=\"font_8\">2020\/2021<\/p>\n<\/div>\n<div id=\"comp-jaldk9ex\" class=\"_1Q9if\" data-testid=\"richTextElement\">\n<p class=\"font_8\">Grupa Biedronki<\/p>\n<p class=\"font_8\"><span class=\"wixGuard\">\u200b<\/span><\/p>\n<p class=\"font_8\">Witamy w Grupie Biedronek. Prosimy o naci\u015bni\u0119cie linku za po\u015brednictwem, kt\u00f3rego traficie Pa\u0144stwo na stron\u0119 KLASA 0 SP CHORO\u0143 na kt\u00f3rej znajduj\u0105 si\u0119 aktualne wydarzenia z \u017cycia przedszkolnego naszych Biedroneczek\u263a \u017byczymy mi\u0142ych wra\u017ce\u0144\u263a.<\/p>\n<p class=\"font_8\">\u00a0<a href=\"https:\/\/www.facebook.com\/klasa0spchoron\/\" target=\"_blank\" rel=\"noopener\">https:\/\/www.facebook.com\/klasa0spchoron\/<\/a><\/p>\n<\/div>\n<div id=\"comp-kespzemw\" class=\"_1Q9if\" data-testid=\"richTextElement\">\n<p class=\"font_8\">Grupa Pszcz\u00f3\u0142ki<\/p>\n<p class=\"font_8\"><span class=\"wixGuard\">\u200b<\/span><\/p>\n<p class=\"font_8\">Witamy w Grupie Pszcz\u00f3\u0142ki. Prosimy o naci\u015bni\u0119cie linku za po\u015brednictwem, kt\u00f3rego traficie Pa\u0144stwo na stron\u0119 grupy na kt\u00f3rej znajduj\u0105 si\u0119 aktualne wydarzenia z \u017cycia przedszkolnego naszych Pszcz\u00f3\u0142ek\u263a \u017byczymy mi\u0142ych wra\u017ce\u0144\u263a.<\/p>\n<p class=\"font_8\">\u00a0<a href=\"https:\/\/m.facebook.com\/Pszcz%C3%B3%C5%82ki-Choro%C5%84-105378674570513\/?modal=p2p_welcome&amp;ref=unknown&amp;_rdr\" target=\"_blank\" rel=\"noopener\">https:\/\/m.facebook.com\/Pszcz%C3%B3%C5%82ki-Choro%C5%84-105378674570513\/?modal=p2p_welcome&amp;ref=unknown&amp;_rdr<\/a><\/p>\n<\/div>\n","protected":false},"excerpt":{"rendered":"<p>Z \u017cycia przedszkola 2020\/2021 Grupa Biedronki \u200b Witamy w Grupie Biedronek. Prosimy o naci\u015bni\u0119cie linku za po\u015brednictwem, kt\u00f3rego traficie Pa\u0144stwo na stron\u0119 KLASA 0 SP CHORO\u0143 na kt\u00f3rej znajduj\u0105 si\u0119 aktualne wydarzenia z \u017cycia przedszkolnego naszych Biedroneczek\u263a \u017byczymy mi\u0142ych wra\u017ce\u0144\u263a. \u00a0https:\/\/www.facebook.com\/klasa0spchoron\/ Grupa Pszcz\u00f3\u0142ki \u200b Witamy w Grupie Pszcz\u00f3\u0142ki. Prosimy o naci\u015bni\u0119cie linku za po\u015brednictwem, kt\u00f3rego [&hellip;]<\/p>\n","protected":false},"author":1,"featured_media":0,"parent":0,"menu_order":0,"comment_status":"closed","ping_status":"closed","template":"","meta":{"footnotes":""},"class_list":["post-477","page","type-page","status-publish","hentry"],"_links":{"self":[{"href":"https:\/\/spchoron.ugporaj.pl\/index.php?rest_route=\/wp\/v2\/pages\/477","targetHints":{"allow":["GET"]}}],"collection":[{"href":"https:\/\/spchoron.ugporaj.pl\/index.php?rest_route=\/wp\/v2\/pages"}],"about":[{"href":"https:\/\/spchoron.ugporaj.pl\/index.php?rest_route=\/wp\/v2\/types\/page"}],"author":[{"embeddable":true,"href":"https:\/\/spchoron.ugporaj.pl\/index.php?rest_route=\/wp\/v2\/users\/1"}],"replies":[{"embeddable":true,"href":"https:\/\/spchoron.ugporaj.pl\/index.php?rest_route=%2Fwp%2Fv2%2Fcomments&post=477"}],"version-history":[{"count":4,"href":"https:\/\/spchoron.ugporaj.pl\/index.php?rest_route=\/wp\/v2\/pages\/477\/revisions"}],"predecessor-version":[{"id":720,"href":"https:\/\/spchoron.ugporaj.pl\/index.php?rest_route=\/wp\/v2\/pages\/477\/revisions\/720"}],"wp:attachment":[{"href":"https:\/\/spchoron.ugporaj.pl\/index.php?rest_route=%2Fwp%2Fv2%2Fmedia&parent=477"}],"curies":[{"name":"wp","href":"https:\/\/api.w.org\/{rel}","templated":true}]}}