{"id":3747,"date":"2025-11-28T09:28:30","date_gmt":"2025-11-28T08:28:30","guid":{"rendered":"https:\/\/spchoron.ugporaj.pl\/?page_id=3747"},"modified":"2025-11-28T09:29:23","modified_gmt":"2025-11-28T08:29:23","slug":"postaw-na-slonce","status":"publish","type":"page","link":"https:\/\/spchoron.ugporaj.pl\/?page_id=3747","title":{"rendered":"Postaw na s\u0142o\u0144ce"},"content":{"rendered":"\t\t<div data-elementor-type=\"wp-page\" data-elementor-id=\"3747\" class=\"elementor elementor-3747\">\n\t\t\t\t\t\t<section class=\"elementor-section elementor-top-section elementor-element elementor-element-2190d36 elementor-section-boxed elementor-section-height-default elementor-section-height-default\" data-id=\"2190d36\" data-element_type=\"section\" data-e-type=\"section\">\n\t\t\t\t\t\t<div class=\"elementor-container elementor-column-gap-default\">\n\t\t\t\t\t<div class=\"elementor-column elementor-col-100 elementor-top-column elementor-element elementor-element-f09a6b6\" data-id=\"f09a6b6\" data-element_type=\"column\" data-e-type=\"column\">\n\t\t\t<div class=\"elementor-widget-wrap elementor-element-populated\">\n\t\t\t\t\t\t<div class=\"elementor-element elementor-element-6debfdb elementor-widget elementor-widget-text-editor\" data-id=\"6debfdb\" data-element_type=\"widget\" data-e-type=\"widget\" data-widget_type=\"text-editor.default\">\n\t\t\t\t<div class=\"elementor-widget-container\">\n\t\t\t\t\t\t\t\t\t<h1 class=\"mb-4\">O projekcie<\/h1><div class=\"post-content mb-3\"><p>Polska, jak i wiele kraj\u00f3w na \u015bwiecie jest w trakcie transformacji energetycznej.\u00a0\u00a0<\/p><p>Rok 2025 to pierwszy rok w historii, kiedy \u017ar\u00f3d\u0142a odnawialne da\u0142y wi\u0119cej energii ni\u017c \u017ar\u00f3d\u0142a kopalne. Wiatr i s\u0142o\u0144ce wygra\u0142y z w\u0119glem. Po co ta zmiana? Dla naszego zdrowia \u2013 zanieczyszczenia powietrza powoduj\u0105 liczne schorzenia. Dla klimatu \u2013 zmiany klimatyczne spowodowane emisj\u0105 CO2 dotykaj\u0105 nas coraz cz\u0119\u015bciej: susze, huragany, upa\u0142y. Dla naszego bezpiecze\u0144stwa \u2013 uniezale\u017cniamy si\u0119 od importu i rozpraszamy \u017ar\u00f3d\u0142a energii. Rozproszone \u017ar\u00f3d\u0142a energii to szansa na rozw\u00f3j lokalny. Dla gospodarki \u2013 koszty wydobycia w\u0119gla w Polsce s\u0105 du\u017ce, a w cz\u0119\u015bci kopalni jest coraz mniej bezpieczne dla ludzi. Zmiana struktury produkcji energii to w\u0142a\u015bnie transformacja energetyczna.\u00a0Wi\u0119cej przeczytaj w<a href=\"https:\/\/2024.postawnaslonce.pl\/energotransformacja-jest-blizej-niz-myslisz\/\">\u00a0artykule Jakuba Wiecha<\/a>.<\/p><p>Projekt \u201ePostaw na s\u0142o\u0144ce\u201d to\u00a0<strong>og\u00f3lnopolski projekt edukacyjny dla klas 7-8 szk\u00f3\u0142 podstawowych i szk\u00f3\u0142 ponadpodstawowych<\/strong>.\u00a0<strong>W jego ramach wspieramy Was w edukacji o transformacji energetycznej.<\/strong>\u00a0Razem z Wami pokazujemy, dlaczego to wa\u017cny proces i jak mo\u017cemy go wspiera\u0107. Pokazujemy, jakie mamy \u017ar\u00f3d\u0142a energii odnawialnej.\u00a0<\/p><\/div><p>Wi\u0119cej informacji znajdziesz tu: <a href=\"https:\/\/postawnaslonce.pl\/o-projekcie\/,\" target=\"_blank\" rel=\"noopener\">https:\/\/postawnaslonce.pl\/o-projekcie\/,<\/a> <a class=\"newWindow\" title=\"Otwarcie w nowym oknie\" href=\"https:\/\/www.facebook.com\/fundacjabos\" target=\"_blank\" rel=\"noopener\">https:\/\/www.facebook.com\/fundacjabos<\/a>,\u00a0<a class=\"newWindow\" title=\"Otwarcie w nowym oknie\" href=\"https:\/\/fundacjabos.pl\/\" target=\"_blank\" rel=\"noopener\">https:\/\/fundacjabos.pl\/<\/a><\/p>\t\t\t\t\t\t\t\t<\/div>\n\t\t\t\t<\/div>\n\t\t\t\t\t<\/div>\n\t\t<\/div>\n\t\t\t\t\t<\/div>\n\t\t<\/section>\n\t\t\t\t<section class=\"elementor-section elementor-top-section elementor-element elementor-element-6ba2902 elementor-section-boxed elementor-section-height-default elementor-section-height-default\" data-id=\"6ba2902\" data-element_type=\"section\" data-e-type=\"section\">\n\t\t\t\t\t\t<div class=\"elementor-container elementor-column-gap-default\">\n\t\t\t\t\t<div class=\"elementor-column elementor-col-100 elementor-top-column elementor-element elementor-element-3256d69\" data-id=\"3256d69\" data-element_type=\"column\" data-e-type=\"column\">\n\t\t\t<div class=\"elementor-widget-wrap elementor-element-populated\">\n\t\t\t\t\t\t<div class=\"elementor-element elementor-element-75cd8ac elementor-widget elementor-widget-image\" data-id=\"75cd8ac\" data-element_type=\"widget\" data-e-type=\"widget\" data-widget_type=\"image.default\">\n\t\t\t\t<div class=\"elementor-widget-container\">\n\t\t\t\t\t\t\t\t\t\t\t\t\t\t\t\t<a href=\"https:\/\/postawnaslonce.pl\/o-projekcie\/\" target=\"_blank\">\n\t\t\t\t\t\t\t<img decoding=\"async\" width=\"400\" height=\"100\" src=\"https:\/\/spchoron.ugporaj.pl\/wp-content\/uploads\/2025\/11\/PNS_logo.png\" class=\"attachment-large size-large wp-image-3748\" alt=\"\" srcset=\"https:\/\/spchoron.ugporaj.pl\/wp-content\/uploads\/2025\/11\/PNS_logo.png 400w, https:\/\/spchoron.ugporaj.pl\/wp-content\/uploads\/2025\/11\/PNS_logo-300x75.png 300w\" sizes=\"(max-width: 400px) 100vw, 400px\" \/>\t\t\t\t\t\t\t\t<\/a>\n\t\t\t\t\t\t\t\t\t\t\t\t\t\t\t<\/div>\n\t\t\t\t<\/div>\n\t\t\t\t\t<\/div>\n\t\t<\/div>\n\t\t\t\t\t<\/div>\n\t\t<\/section>\n\t\t\t\t<\/div>\n\t\t","protected":false},"excerpt":{"rendered":"<p>O projekcie Polska, jak i wiele kraj\u00f3w na \u015bwiecie jest w trakcie transformacji energetycznej.\u00a0\u00a0 Rok 2025 to pierwszy rok w historii, kiedy \u017ar\u00f3d\u0142a odnawialne da\u0142y wi\u0119cej energii ni\u017c \u017ar\u00f3d\u0142a kopalne. Wiatr i s\u0142o\u0144ce wygra\u0142y z w\u0119glem. Po co ta zmiana? Dla naszego zdrowia \u2013 zanieczyszczenia powietrza powoduj\u0105 liczne schorzenia. Dla klimatu \u2013 zmiany klimatyczne spowodowane [&hellip;]<\/p>\n","protected":false},"author":3,"featured_media":0,"parent":0,"menu_order":0,"comment_status":"closed","ping_status":"closed","template":"","meta":{"footnotes":""},"class_list":["post-3747","page","type-page","status-publish","hentry"],"_links":{"self":[{"href":"https:\/\/spchoron.ugporaj.pl\/index.php?rest_route=\/wp\/v2\/pages\/3747","targetHints":{"allow":["GET"]}}],"collection":[{"href":"https:\/\/spchoron.ugporaj.pl\/index.php?rest_route=\/wp\/v2\/pages"}],"about":[{"href":"https:\/\/spchoron.ugporaj.pl\/index.php?rest_route=\/wp\/v2\/types\/page"}],"author":[{"embeddable":true,"href":"https:\/\/spchoron.ugporaj.pl\/index.php?rest_route=\/wp\/v2\/users\/3"}],"replies":[{"embeddable":true,"href":"https:\/\/spchoron.ugporaj.pl\/index.php?rest_route=%2Fwp%2Fv2%2Fcomments&post=3747"}],"version-history":[{"count":3,"href":"https:\/\/spchoron.ugporaj.pl\/index.php?rest_route=\/wp\/v2\/pages\/3747\/revisions"}],"predecessor-version":[{"id":3751,"href":"https:\/\/spchoron.ugporaj.pl\/index.php?rest_route=\/wp\/v2\/pages\/3747\/revisions\/3751"}],"wp:attachment":[{"href":"https:\/\/spchoron.ugporaj.pl\/index.php?rest_route=%2Fwp%2Fv2%2Fmedia&parent=3747"}],"curies":[{"name":"wp","href":"https:\/\/api.w.org\/{rel}","templated":true}]}}