{"id":3730,"date":"2025-11-28T08:59:43","date_gmt":"2025-11-28T07:59:43","guid":{"rendered":"https:\/\/spchoron.ugporaj.pl\/?page_id=3730"},"modified":"2025-11-28T09:15:43","modified_gmt":"2025-11-28T08:15:43","slug":"tradycyjny-sad","status":"publish","type":"page","link":"https:\/\/spchoron.ugporaj.pl\/?page_id=3730","title":{"rendered":"Tradycyjny sad"},"content":{"rendered":"\t\t<div data-elementor-type=\"wp-page\" data-elementor-id=\"3730\" class=\"elementor elementor-3730\">\n\t\t\t\t\t\t<section class=\"elementor-section elementor-top-section elementor-element elementor-element-7362fb1 elementor-section-boxed elementor-section-height-default elementor-section-height-default\" data-id=\"7362fb1\" data-element_type=\"section\" data-e-type=\"section\">\n\t\t\t\t\t\t<div class=\"elementor-container elementor-column-gap-default\">\n\t\t\t\t\t<div class=\"elementor-column elementor-col-100 elementor-top-column elementor-element elementor-element-495a3ae\" data-id=\"495a3ae\" data-element_type=\"column\" data-e-type=\"column\">\n\t\t\t<div class=\"elementor-widget-wrap elementor-element-populated\">\n\t\t\t\t\t\t<div class=\"elementor-element elementor-element-ab31f38 elementor-widget elementor-widget-text-editor\" data-id=\"ab31f38\" data-element_type=\"widget\" data-e-type=\"widget\" data-widget_type=\"text-editor.default\">\n\t\t\t\t<div class=\"elementor-widget-container\">\n\t\t\t\t\t\t\t\t\t<h1 class=\"mb-4\">O projekcie<\/h1><div class=\"post-content mb-3\"><p>Zmiany klimatu s\u0105 faktem. Coraz cz\u0119\u015bciej odczuwamy skutki fali upa\u0142\u00f3w, suszy i powodzi. Zmiany te wp\u0142ywaj\u0105 na wiele aspekt\u00f3w naszego \u017cycia.<\/p><p><strong>\u201eTradycyjny sad\u201d <\/strong>to og\u00f3lnopolski projekt edukacyjny dla szk\u00f3\u0142 podstawowych i ponadpodstawowych. Wspieramy Was w uczeniu o adaptacji do zmian klimatu \u2013 roli zieleni jako magazynie wody, \u017ar\u00f3dle cienia i ochronie przed ha\u0142asem. Zach\u0119camy Was do zak\u0142adania zielonych zak\u0105tk\u00f3w przy szko\u0142ach.\u00a0<\/p><\/div><p>Wi\u0119cej informacji znajdziesz tu: <a href=\"https:\/\/tradycyjnysad.pl\/o-projekcie\/\" target=\"_blank\" rel=\"noopener\">https:\/\/tradycyjnysad.pl\/o-projekcie\/, <\/a><a href=\"https:\/\/www.facebook.com\/fundacjabos\" target=\"_blank\" rel=\"noopener\">https:\/\/www.facebook.com\/fundacjabos<\/a>, <a href=\"https:\/\/fundacjabos.pl\/\" target=\"_blank\" rel=\"noopener\">https:\/\/fundacjabos.pl\/<\/a><\/p>\t\t\t\t\t\t\t\t<\/div>\n\t\t\t\t<\/div>\n\t\t\t\t\t<\/div>\n\t\t<\/div>\n\t\t\t\t\t<\/div>\n\t\t<\/section>\n\t\t\t\t<section class=\"elementor-section elementor-top-section elementor-element elementor-element-9ff11d6 elementor-section-boxed elementor-section-height-default elementor-section-height-default\" data-id=\"9ff11d6\" data-element_type=\"section\" data-e-type=\"section\">\n\t\t\t\t\t\t<div class=\"elementor-container elementor-column-gap-default\">\n\t\t\t\t\t<div class=\"elementor-column elementor-col-100 elementor-top-column elementor-element elementor-element-36e00cb\" data-id=\"36e00cb\" data-element_type=\"column\" data-e-type=\"column\">\n\t\t\t<div class=\"elementor-widget-wrap elementor-element-populated\">\n\t\t\t\t\t\t<div class=\"elementor-element elementor-element-6865415 elementor-widget elementor-widget-image\" data-id=\"6865415\" data-element_type=\"widget\" data-e-type=\"widget\" data-widget_type=\"image.default\">\n\t\t\t\t<div class=\"elementor-widget-container\">\n\t\t\t\t\t\t\t\t\t\t\t\t\t\t\t\t<a href=\"https:\/\/tradycyjnysad.pl\/\" target=\"_blank\">\n\t\t\t\t\t\t\t<img decoding=\"async\" width=\"400\" height=\"100\" src=\"https:\/\/spchoron.ugporaj.pl\/wp-content\/uploads\/2025\/11\/cropped-TS_logo.png\" class=\"attachment-large size-large wp-image-3732\" alt=\"\" srcset=\"https:\/\/spchoron.ugporaj.pl\/wp-content\/uploads\/2025\/11\/cropped-TS_logo.png 400w, https:\/\/spchoron.ugporaj.pl\/wp-content\/uploads\/2025\/11\/cropped-TS_logo-300x75.png 300w\" sizes=\"(max-width: 400px) 100vw, 400px\" \/>\t\t\t\t\t\t\t\t<\/a>\n\t\t\t\t\t\t\t\t\t\t\t\t\t\t\t<\/div>\n\t\t\t\t<\/div>\n\t\t\t\t\t<\/div>\n\t\t<\/div>\n\t\t\t\t\t<\/div>\n\t\t<\/section>\n\t\t\t\t<\/div>\n\t\t","protected":false},"excerpt":{"rendered":"<p>O projekcie Zmiany klimatu s\u0105 faktem. Coraz cz\u0119\u015bciej odczuwamy skutki fali upa\u0142\u00f3w, suszy i powodzi. Zmiany te wp\u0142ywaj\u0105 na wiele aspekt\u00f3w naszego \u017cycia. \u201eTradycyjny sad\u201d to og\u00f3lnopolski projekt edukacyjny dla szk\u00f3\u0142 podstawowych i ponadpodstawowych. Wspieramy Was w uczeniu o adaptacji do zmian klimatu \u2013 roli zieleni jako magazynie wody, \u017ar\u00f3dle cienia i ochronie przed ha\u0142asem. [&hellip;]<\/p>\n","protected":false},"author":3,"featured_media":0,"parent":0,"menu_order":0,"comment_status":"closed","ping_status":"closed","template":"","meta":{"footnotes":""},"class_list":["post-3730","page","type-page","status-publish","hentry"],"_links":{"self":[{"href":"https:\/\/spchoron.ugporaj.pl\/index.php?rest_route=\/wp\/v2\/pages\/3730","targetHints":{"allow":["GET"]}}],"collection":[{"href":"https:\/\/spchoron.ugporaj.pl\/index.php?rest_route=\/wp\/v2\/pages"}],"about":[{"href":"https:\/\/spchoron.ugporaj.pl\/index.php?rest_route=\/wp\/v2\/types\/page"}],"author":[{"embeddable":true,"href":"https:\/\/spchoron.ugporaj.pl\/index.php?rest_route=\/wp\/v2\/users\/3"}],"replies":[{"embeddable":true,"href":"https:\/\/spchoron.ugporaj.pl\/index.php?rest_route=%2Fwp%2Fv2%2Fcomments&post=3730"}],"version-history":[{"count":6,"href":"https:\/\/spchoron.ugporaj.pl\/index.php?rest_route=\/wp\/v2\/pages\/3730\/revisions"}],"predecessor-version":[{"id":3740,"href":"https:\/\/spchoron.ugporaj.pl\/index.php?rest_route=\/wp\/v2\/pages\/3730\/revisions\/3740"}],"wp:attachment":[{"href":"https:\/\/spchoron.ugporaj.pl\/index.php?rest_route=%2Fwp%2Fv2%2Fmedia&parent=3730"}],"curies":[{"name":"wp","href":"https:\/\/api.w.org\/{rel}","templated":true}]}}