{"id":3630,"date":"2025-11-21T11:38:30","date_gmt":"2025-11-21T10:38:30","guid":{"rendered":"https:\/\/spchoron.ugporaj.pl\/?page_id=3630"},"modified":"2025-11-21T11:39:01","modified_gmt":"2025-11-21T10:39:01","slug":"zdrowie-i-emocje-skrzynka-z-narzedziami","status":"publish","type":"page","link":"https:\/\/spchoron.ugporaj.pl\/?page_id=3630","title":{"rendered":"Zdrowie i emocje \u2013 skrzynka z narz\u0119dziami"},"content":{"rendered":"\t\t<div data-elementor-type=\"wp-page\" data-elementor-id=\"3630\" class=\"elementor elementor-3630\">\n\t\t\t\t\t\t<section class=\"elementor-section elementor-top-section elementor-element elementor-element-c2b600e elementor-section-boxed elementor-section-height-default elementor-section-height-default\" data-id=\"c2b600e\" data-element_type=\"section\" data-e-type=\"section\">\n\t\t\t\t\t\t<div class=\"elementor-container elementor-column-gap-default\">\n\t\t\t\t\t<div class=\"elementor-column elementor-col-100 elementor-top-column elementor-element elementor-element-de8e5c5\" data-id=\"de8e5c5\" data-element_type=\"column\" data-e-type=\"column\">\n\t\t\t<div class=\"elementor-widget-wrap elementor-element-populated\">\n\t\t\t\t\t\t<div class=\"elementor-element elementor-element-a3af9a6 elementor-widget elementor-widget-text-editor\" data-id=\"a3af9a6\" data-element_type=\"widget\" data-e-type=\"widget\" data-widget_type=\"text-editor.default\">\n\t\t\t\t<div class=\"elementor-widget-container\">\n\t\t\t\t\t\t\t\t\t<p>Wojew\u00f3dzki projekt edukacyjny\u00a0<em>Zdrowie i emocje- skrzynka z narz\u0119dziami<\/em>\u00a0skierowany jest do uczni\u00f3w klas VI-VIII szk\u00f3\u0142 podstawowych, a jego celem jest profilaktyka uzale\u017cnie\u0144, rozwijanie prozdrowotnych postaw i zachowa\u0144\u00a0 oraz umiej\u0119tno\u015bci regulacji emocji. Zak\u0142ada realizacj\u0119 zaj\u0119\u0107 z dzie\u0107mi w oparciu o przygotowane scenariusze, pomoce i \u015brodki dydaktyczne. Zaj\u0119cia mog\u0105 by\u0107 realizowane przez nauczycieli w\u00a0ramach lekcji wychowawczej, edukacji zdrowotnej, lekcji przedmiotowej oraz przez\u00a0specjalist\u00f3w pracuj\u0105cych w szkole. Narz\u0119dzia zawarte w projekcie, stanowi\u0105 bufor ochronny redukuj\u0105cy ryzyko uzale\u017cnie\u0144 i zwi\u0119kszaj\u0105cy odporno\u015b\u0107 psychiczn\u0105 na trudne sytuacje \u017cyciowe.<\/p>\t\t\t\t\t\t\t\t<\/div>\n\t\t\t\t<\/div>\n\t\t\t\t\t<\/div>\n\t\t<\/div>\n\t\t\t\t\t<\/div>\n\t\t<\/section>\n\t\t\t\t<section class=\"elementor-section elementor-top-section elementor-element elementor-element-a2e6c49 elementor-section-boxed elementor-section-height-default elementor-section-height-default\" data-id=\"a2e6c49\" data-element_type=\"section\" data-e-type=\"section\">\n\t\t\t\t\t\t<div class=\"elementor-container elementor-column-gap-default\">\n\t\t\t\t\t<div class=\"elementor-column elementor-col-100 elementor-top-column elementor-element elementor-element-da7e3db\" data-id=\"da7e3db\" data-element_type=\"column\" data-e-type=\"column\">\n\t\t\t<div class=\"elementor-widget-wrap elementor-element-populated\">\n\t\t\t\t\t\t<div class=\"elementor-element elementor-element-9631ff6 elementor-widget elementor-widget-image\" data-id=\"9631ff6\" data-element_type=\"widget\" data-e-type=\"widget\" data-widget_type=\"image.default\">\n\t\t\t\t<div class=\"elementor-widget-container\">\n\t\t\t\t\t\t\t\t\t\t\t\t\t\t\t\t<a href=\"https:\/\/www.gov.pl\/web\/wsse-katowice\/projekt-zdrowie-i-emocje--skrzynka-z-narzedziami\" target=\"_blank\">\n\t\t\t\t\t\t\t<img fetchpriority=\"high\" decoding=\"async\" width=\"640\" height=\"270\" src=\"https:\/\/spchoron.ugporaj.pl\/wp-content\/uploads\/2025\/11\/1460x616-1024x432.png\" class=\"attachment-large size-large wp-image-3631\" alt=\"\" srcset=\"https:\/\/spchoron.ugporaj.pl\/wp-content\/uploads\/2025\/11\/1460x616-1024x432.png 1024w, https:\/\/spchoron.ugporaj.pl\/wp-content\/uploads\/2025\/11\/1460x616-300x127.png 300w, https:\/\/spchoron.ugporaj.pl\/wp-content\/uploads\/2025\/11\/1460x616-768x324.png 768w, https:\/\/spchoron.ugporaj.pl\/wp-content\/uploads\/2025\/11\/1460x616.png 1460w\" sizes=\"(max-width: 640px) 100vw, 640px\" \/>\t\t\t\t\t\t\t\t<\/a>\n\t\t\t\t\t\t\t\t\t\t\t\t\t\t\t<\/div>\n\t\t\t\t<\/div>\n\t\t\t\t\t<\/div>\n\t\t<\/div>\n\t\t\t\t\t<\/div>\n\t\t<\/section>\n\t\t\t\t<\/div>\n\t\t","protected":false},"excerpt":{"rendered":"<p>Wojew\u00f3dzki projekt edukacyjny\u00a0Zdrowie i emocje- skrzynka z narz\u0119dziami\u00a0skierowany jest do uczni\u00f3w klas VI-VIII szk\u00f3\u0142 podstawowych, a jego celem jest profilaktyka uzale\u017cnie\u0144, rozwijanie prozdrowotnych postaw i zachowa\u0144\u00a0 oraz umiej\u0119tno\u015bci regulacji emocji. Zak\u0142ada realizacj\u0119 zaj\u0119\u0107 z dzie\u0107mi w oparciu o przygotowane scenariusze, pomoce i \u015brodki dydaktyczne. Zaj\u0119cia mog\u0105 by\u0107 realizowane przez nauczycieli w\u00a0ramach lekcji wychowawczej, edukacji zdrowotnej, [&hellip;]<\/p>\n","protected":false},"author":3,"featured_media":0,"parent":0,"menu_order":0,"comment_status":"closed","ping_status":"closed","template":"","meta":{"footnotes":""},"class_list":["post-3630","page","type-page","status-publish","hentry"],"_links":{"self":[{"href":"https:\/\/spchoron.ugporaj.pl\/index.php?rest_route=\/wp\/v2\/pages\/3630","targetHints":{"allow":["GET"]}}],"collection":[{"href":"https:\/\/spchoron.ugporaj.pl\/index.php?rest_route=\/wp\/v2\/pages"}],"about":[{"href":"https:\/\/spchoron.ugporaj.pl\/index.php?rest_route=\/wp\/v2\/types\/page"}],"author":[{"embeddable":true,"href":"https:\/\/spchoron.ugporaj.pl\/index.php?rest_route=\/wp\/v2\/users\/3"}],"replies":[{"embeddable":true,"href":"https:\/\/spchoron.ugporaj.pl\/index.php?rest_route=%2Fwp%2Fv2%2Fcomments&post=3630"}],"version-history":[{"count":3,"href":"https:\/\/spchoron.ugporaj.pl\/index.php?rest_route=\/wp\/v2\/pages\/3630\/revisions"}],"predecessor-version":[{"id":3634,"href":"https:\/\/spchoron.ugporaj.pl\/index.php?rest_route=\/wp\/v2\/pages\/3630\/revisions\/3634"}],"wp:attachment":[{"href":"https:\/\/spchoron.ugporaj.pl\/index.php?rest_route=%2Fwp%2Fv2%2Fmedia&parent=3630"}],"curies":[{"name":"wp","href":"https:\/\/api.w.org\/{rel}","templated":true}]}}