{"id":1771,"date":"2025-01-17T10:58:48","date_gmt":"2025-01-17T09:58:48","guid":{"rendered":"https:\/\/spchoron.ugporaj.pl\/?page_id=1771"},"modified":"2025-01-17T10:59:36","modified_gmt":"2025-01-17T09:59:36","slug":"aktywna-szkola","status":"publish","type":"page","link":"https:\/\/spchoron.ugporaj.pl\/?page_id=1771","title":{"rendered":"Aktywna Szko\u0142a"},"content":{"rendered":"\t\t<div data-elementor-type=\"wp-page\" data-elementor-id=\"1771\" class=\"elementor elementor-1771\">\n\t\t\t\t\t\t<section class=\"elementor-section elementor-top-section elementor-element elementor-element-c1e7602 elementor-section-boxed elementor-section-height-default elementor-section-height-default\" data-id=\"c1e7602\" data-element_type=\"section\" data-e-type=\"section\">\n\t\t\t\t\t\t<div class=\"elementor-container elementor-column-gap-default\">\n\t\t\t\t\t<div class=\"elementor-column elementor-col-100 elementor-top-column elementor-element elementor-element-9b20cd8\" data-id=\"9b20cd8\" data-element_type=\"column\" data-e-type=\"column\">\n\t\t\t<div class=\"elementor-widget-wrap elementor-element-populated\">\n\t\t\t\t\t\t<div class=\"elementor-element elementor-element-df81488 elementor-widget elementor-widget-text-editor\" data-id=\"df81488\" data-element_type=\"widget\" data-e-type=\"widget\" data-widget_type=\"text-editor.default\">\n\t\t\t\t<div class=\"elementor-widget-container\">\n\t\t\t\t\t\t\t\t\t<p><strong>Najwi\u0119kszy w\u00a0historii Ministerstwa Sportu i\u00a0Turystyki Program skierowany do\u00a0dzieci, m\u0142odzie\u017cy oraz\u00a0doros\u0142ych!<\/strong><\/p><p>Aktywna Szko\u0142a to\u00a0program stworzony z\u00a0my\u015bl\u0105 o\u00a0realizacji strategicznego celu w\u00a0obszarze kultury fizycznej \u2013 Aktywne i\u00a0zdrowe spo\u0142ecze\u0144stwo. Program ten to\u00a0kompleksowe wsparcie aktywno\u015bci fizycznej skierowane w\u00a0szczeg\u00f3lno\u015bci do\u00a0dzieci i\u00a0m\u0142odzie\u017cy, ale\u00a0tak\u017ce do\u00a0os\u00f3b doros\u0142ych. Dzi\u0119ki optymalnemu wykorzystaniu przyszkolnej i\u00a0samorz\u0105dowej infrastruktury sportowej oraz\u00a0zapewnieniu profesjonalnego wsparcia trenerskiego umo\u017cliwiamy aktywizacj\u0119 spo\u0142ecze\u0144stwa na\u00a0poziomie lokalnym.<\/p>\t\t\t\t\t\t\t\t<\/div>\n\t\t\t\t<\/div>\n\t\t\t\t\t<\/div>\n\t\t<\/div>\n\t\t\t\t\t<\/div>\n\t\t<\/section>\n\t\t\t\t<section class=\"elementor-section elementor-top-section elementor-element elementor-element-5c704df elementor-section-boxed elementor-section-height-default elementor-section-height-default\" data-id=\"5c704df\" data-element_type=\"section\" data-e-type=\"section\">\n\t\t\t\t\t\t<div class=\"elementor-container elementor-column-gap-default\">\n\t\t\t\t\t<div class=\"elementor-column elementor-col-100 elementor-top-column elementor-element elementor-element-d76bb10\" data-id=\"d76bb10\" data-element_type=\"column\" data-e-type=\"column\">\n\t\t\t<div class=\"elementor-widget-wrap elementor-element-populated\">\n\t\t\t\t\t\t<div class=\"elementor-element elementor-element-d5bd358 elementor-widget elementor-widget-image\" data-id=\"d5bd358\" data-element_type=\"widget\" data-e-type=\"widget\" data-widget_type=\"image.default\">\n\t\t\t\t<div class=\"elementor-widget-container\">\n\t\t\t\t\t\t\t\t\t\t\t\t\t\t\t\t<a href=\"https:\/\/www.aktywnaszkola.pl\/\" target=\"_blank\">\n\t\t\t\t\t\t\t<img fetchpriority=\"high\" decoding=\"async\" width=\"640\" height=\"244\" src=\"https:\/\/spchoron.ugporaj.pl\/wp-content\/uploads\/2025\/01\/baner-as-1024x390.png\" class=\"attachment-large size-large wp-image-1773\" alt=\"\" srcset=\"https:\/\/spchoron.ugporaj.pl\/wp-content\/uploads\/2025\/01\/baner-as-1024x390.png 1024w, https:\/\/spchoron.ugporaj.pl\/wp-content\/uploads\/2025\/01\/baner-as-300x114.png 300w, https:\/\/spchoron.ugporaj.pl\/wp-content\/uploads\/2025\/01\/baner-as-768x292.png 768w, https:\/\/spchoron.ugporaj.pl\/wp-content\/uploads\/2025\/01\/baner-as-1536x584.png 1536w, https:\/\/spchoron.ugporaj.pl\/wp-content\/uploads\/2025\/01\/baner-as.png 1640w\" sizes=\"(max-width: 640px) 100vw, 640px\" \/>\t\t\t\t\t\t\t\t<\/a>\n\t\t\t\t\t\t\t\t\t\t\t\t\t\t\t<\/div>\n\t\t\t\t<\/div>\n\t\t\t\t\t<\/div>\n\t\t<\/div>\n\t\t\t\t\t<\/div>\n\t\t<\/section>\n\t\t\t\t<\/div>\n\t\t","protected":false},"excerpt":{"rendered":"<p>Najwi\u0119kszy w\u00a0historii Ministerstwa Sportu i\u00a0Turystyki Program skierowany do\u00a0dzieci, m\u0142odzie\u017cy oraz\u00a0doros\u0142ych! Aktywna Szko\u0142a to\u00a0program stworzony z\u00a0my\u015bl\u0105 o\u00a0realizacji strategicznego celu w\u00a0obszarze kultury fizycznej \u2013 Aktywne i\u00a0zdrowe spo\u0142ecze\u0144stwo. Program ten to\u00a0kompleksowe wsparcie aktywno\u015bci fizycznej skierowane w\u00a0szczeg\u00f3lno\u015bci do\u00a0dzieci i\u00a0m\u0142odzie\u017cy, ale\u00a0tak\u017ce do\u00a0os\u00f3b doros\u0142ych. Dzi\u0119ki optymalnemu wykorzystaniu przyszkolnej i\u00a0samorz\u0105dowej infrastruktury sportowej oraz\u00a0zapewnieniu profesjonalnego wsparcia trenerskiego umo\u017cliwiamy aktywizacj\u0119 spo\u0142ecze\u0144stwa na\u00a0poziomie lokalnym.<\/p>\n","protected":false},"author":3,"featured_media":0,"parent":0,"menu_order":0,"comment_status":"closed","ping_status":"closed","template":"","meta":{"footnotes":""},"class_list":["post-1771","page","type-page","status-publish","hentry"],"_links":{"self":[{"href":"https:\/\/spchoron.ugporaj.pl\/index.php?rest_route=\/wp\/v2\/pages\/1771","targetHints":{"allow":["GET"]}}],"collection":[{"href":"https:\/\/spchoron.ugporaj.pl\/index.php?rest_route=\/wp\/v2\/pages"}],"about":[{"href":"https:\/\/spchoron.ugporaj.pl\/index.php?rest_route=\/wp\/v2\/types\/page"}],"author":[{"embeddable":true,"href":"https:\/\/spchoron.ugporaj.pl\/index.php?rest_route=\/wp\/v2\/users\/3"}],"replies":[{"embeddable":true,"href":"https:\/\/spchoron.ugporaj.pl\/index.php?rest_route=%2Fwp%2Fv2%2Fcomments&post=1771"}],"version-history":[{"count":3,"href":"https:\/\/spchoron.ugporaj.pl\/index.php?rest_route=\/wp\/v2\/pages\/1771\/revisions"}],"predecessor-version":[{"id":1776,"href":"https:\/\/spchoron.ugporaj.pl\/index.php?rest_route=\/wp\/v2\/pages\/1771\/revisions\/1776"}],"wp:attachment":[{"href":"https:\/\/spchoron.ugporaj.pl\/index.php?rest_route=%2Fwp%2Fv2%2Fmedia&parent=1771"}],"curies":[{"name":"wp","href":"https:\/\/api.w.org\/{rel}","templated":true}]}}