{"id":1184,"date":"2024-06-10T11:13:26","date_gmt":"2024-06-10T09:13:26","guid":{"rendered":"https:\/\/spchoron.ugporaj.pl\/?page_id=1184"},"modified":"2024-06-10T11:16:21","modified_gmt":"2024-06-10T09:16:21","slug":"aplikacja-pomoze-wybrac-uczniom-zawod","status":"publish","type":"page","link":"https:\/\/spchoron.ugporaj.pl\/?page_id=1184","title":{"rendered":"Aplikacja pomo\u017ce wybra\u0107 uczniom zaw\u00f3d"},"content":{"rendered":"\t\t<div data-elementor-type=\"wp-page\" data-elementor-id=\"1184\" class=\"elementor elementor-1184\">\n\t\t\t\t\t\t<section class=\"elementor-section elementor-top-section elementor-element elementor-element-4203526 elementor-section-boxed elementor-section-height-default elementor-section-height-default\" data-id=\"4203526\" data-element_type=\"section\" data-e-type=\"section\">\n\t\t\t\t\t\t<div class=\"elementor-container elementor-column-gap-default\">\n\t\t\t\t\t<div class=\"elementor-column elementor-col-100 elementor-top-column elementor-element elementor-element-c19833c\" data-id=\"c19833c\" data-element_type=\"column\" data-e-type=\"column\">\n\t\t\t<div class=\"elementor-widget-wrap elementor-element-populated\">\n\t\t\t\t\t\t<div class=\"elementor-element elementor-element-22c9495 elementor-widget elementor-widget-text-editor\" data-id=\"22c9495\" data-element_type=\"widget\" data-e-type=\"widget\" data-widget_type=\"text-editor.default\">\n\t\t\t\t<div class=\"elementor-widget-container\">\n\t\t\t\t\t\t\t\t\t<h3 class=\"elementor-image-box-description\" style=\"color: var( --e-global-color-text ); font-family: var( --e-global-typography-text-font-family ), Sans-serif; margin: 0px; text-align: center; background-color: #ffffff;\"><strong>Zapraszamy do skorzystania z aplikacji u\u0142atwiaj\u0105cej wyb\u00f3r zawodu<\/strong><\/h3><p>\u00a0<\/p><p class=\"elementor-image-box-description\" style=\"color: var( --e-global-color-text ); font-family: var( --e-global-typography-text-font-family ), Sans-serif; margin: 0px; text-align: center; background-color: #ffffff;\">Departament EFS Urz\u0119du Marsza\u0142kowskiego w Katowicach informuje, \u017ce na stronie www.slaskie.pl zosta\u0142a opublikowana informacja na temat aplikacji, kt\u00f3ra mo\u017ce wspom\u00f3c uczni\u00f3w w wyborze zawodu i dalszego kierunku kszta\u0142cenia. Poni\u017cej link do tej informacji: Aplikacja pomo\u017ce wybra\u0107 uczniom zaw\u00f3d \u2013 Serwis Wojew\u00f3dztwa \u015al\u0105skiego (slaskie.pl)<br \/>https:\/\/www.slaskie.pl\/content\/aplikacja-pomoze-wybrac-uczniom-zawod<\/p>\t\t\t\t\t\t\t\t<\/div>\n\t\t\t\t<\/div>\n\t\t\t\t\t<\/div>\n\t\t<\/div>\n\t\t\t\t\t<\/div>\n\t\t<\/section>\n\t\t\t\t<section class=\"elementor-section elementor-top-section elementor-element elementor-element-7623337 elementor-section-boxed elementor-section-height-default elementor-section-height-default\" data-id=\"7623337\" data-element_type=\"section\" data-e-type=\"section\">\n\t\t\t\t\t\t<div class=\"elementor-container elementor-column-gap-default\">\n\t\t\t\t\t<div class=\"elementor-column elementor-col-100 elementor-top-column elementor-element elementor-element-d22a6a9\" data-id=\"d22a6a9\" data-element_type=\"column\" data-e-type=\"column\">\n\t\t\t<div class=\"elementor-widget-wrap elementor-element-populated\">\n\t\t\t\t\t\t<div class=\"elementor-element elementor-element-d0de142 elementor-widget elementor-widget-image\" data-id=\"d0de142\" data-element_type=\"widget\" data-e-type=\"widget\" data-widget_type=\"image.default\">\n\t\t\t\t<div class=\"elementor-widget-container\">\n\t\t\t\t\t\t\t\t\t\t\t\t\t\t\t\t<a href=\"https:\/\/www.slaskie.pl\/content\/aplikacja-pomoze-wybrac-uczniom-zawod\" target=\"_blank\">\n\t\t\t\t\t\t\t<img fetchpriority=\"high\" decoding=\"async\" width=\"640\" height=\"296\" src=\"https:\/\/spchoron.ugporaj.pl\/wp-content\/uploads\/2024\/06\/home-bg-1024x473.png\" class=\"attachment-large size-large wp-image-1182\" alt=\"\" srcset=\"https:\/\/spchoron.ugporaj.pl\/wp-content\/uploads\/2024\/06\/home-bg-1024x473.png 1024w, https:\/\/spchoron.ugporaj.pl\/wp-content\/uploads\/2024\/06\/home-bg-300x139.png 300w, https:\/\/spchoron.ugporaj.pl\/wp-content\/uploads\/2024\/06\/home-bg-768x355.png 768w, https:\/\/spchoron.ugporaj.pl\/wp-content\/uploads\/2024\/06\/home-bg-1536x710.png 1536w, https:\/\/spchoron.ugporaj.pl\/wp-content\/uploads\/2024\/06\/home-bg-2048x947.png 2048w\" sizes=\"(max-width: 640px) 100vw, 640px\" \/>\t\t\t\t\t\t\t\t<\/a>\n\t\t\t\t\t\t\t\t\t\t\t\t\t\t\t<\/div>\n\t\t\t\t<\/div>\n\t\t\t\t\t<\/div>\n\t\t<\/div>\n\t\t\t\t\t<\/div>\n\t\t<\/section>\n\t\t\t\t<\/div>\n\t\t","protected":false},"excerpt":{"rendered":"<p>Zapraszamy do skorzystania z aplikacji u\u0142atwiaj\u0105cej wyb\u00f3r zawodu \u00a0 Departament EFS Urz\u0119du Marsza\u0142kowskiego w Katowicach informuje, \u017ce na stronie www.slaskie.pl zosta\u0142a opublikowana informacja na temat aplikacji, kt\u00f3ra mo\u017ce wspom\u00f3c uczni\u00f3w w wyborze zawodu i dalszego kierunku kszta\u0142cenia. Poni\u017cej link do tej informacji: Aplikacja pomo\u017ce wybra\u0107 uczniom zaw\u00f3d \u2013 Serwis Wojew\u00f3dztwa \u015al\u0105skiego (slaskie.pl)https:\/\/www.slaskie.pl\/content\/aplikacja-pomoze-wybrac-uczniom-zawod<\/p>\n","protected":false},"author":3,"featured_media":0,"parent":0,"menu_order":0,"comment_status":"closed","ping_status":"closed","template":"","meta":{"footnotes":""},"class_list":["post-1184","page","type-page","status-publish","hentry"],"_links":{"self":[{"href":"https:\/\/spchoron.ugporaj.pl\/index.php?rest_route=\/wp\/v2\/pages\/1184","targetHints":{"allow":["GET"]}}],"collection":[{"href":"https:\/\/spchoron.ugporaj.pl\/index.php?rest_route=\/wp\/v2\/pages"}],"about":[{"href":"https:\/\/spchoron.ugporaj.pl\/index.php?rest_route=\/wp\/v2\/types\/page"}],"author":[{"embeddable":true,"href":"https:\/\/spchoron.ugporaj.pl\/index.php?rest_route=\/wp\/v2\/users\/3"}],"replies":[{"embeddable":true,"href":"https:\/\/spchoron.ugporaj.pl\/index.php?rest_route=%2Fwp%2Fv2%2Fcomments&post=1184"}],"version-history":[{"count":3,"href":"https:\/\/spchoron.ugporaj.pl\/index.php?rest_route=\/wp\/v2\/pages\/1184\/revisions"}],"predecessor-version":[{"id":1187,"href":"https:\/\/spchoron.ugporaj.pl\/index.php?rest_route=\/wp\/v2\/pages\/1184\/revisions\/1187"}],"wp:attachment":[{"href":"https:\/\/spchoron.ugporaj.pl\/index.php?rest_route=%2Fwp%2Fv2%2Fmedia&parent=1184"}],"curies":[{"name":"wp","href":"https:\/\/api.w.org\/{rel}","templated":true}]}}