{"id":1135,"date":"2024-05-24T09:25:30","date_gmt":"2024-05-24T07:25:30","guid":{"rendered":"https:\/\/spchoron.ugporaj.pl\/?page_id=1135"},"modified":"2024-05-24T09:30:07","modified_gmt":"2024-05-24T07:30:07","slug":"akademia-lubella","status":"publish","type":"page","link":"https:\/\/spchoron.ugporaj.pl\/?page_id=1135","title":{"rendered":"Akademia Lubella"},"content":{"rendered":"\t\t<div data-elementor-type=\"wp-page\" data-elementor-id=\"1135\" class=\"elementor elementor-1135\">\n\t\t\t\t\t\t<section class=\"elementor-section elementor-top-section elementor-element elementor-element-b479ca4 elementor-section-boxed elementor-section-height-default elementor-section-height-default\" data-id=\"b479ca4\" data-element_type=\"section\" data-e-type=\"section\">\n\t\t\t\t\t\t<div class=\"elementor-container elementor-column-gap-default\">\n\t\t\t\t\t<div class=\"elementor-column elementor-col-100 elementor-top-column elementor-element elementor-element-6c6b31a\" data-id=\"6c6b31a\" data-element_type=\"column\" data-e-type=\"column\">\n\t\t\t<div class=\"elementor-widget-wrap elementor-element-populated\">\n\t\t\t\t\t\t<div class=\"elementor-element elementor-element-c67d324 elementor-widget elementor-widget-text-editor\" data-id=\"c67d324\" data-element_type=\"widget\" data-e-type=\"widget\" data-widget_type=\"text-editor.default\">\n\t\t\t\t<div class=\"elementor-widget-container\">\n\t\t\t\t\t\t\t\t\t<p><strong>O programie<\/strong><\/p><p>Akademia Lubella to program edukacyjny skierowany do klas VI-VIII szk\u00f3\u0142 podstawowych. Celem programu jest edukacja m\u0142odzie\u017cy na temat potrzeby r\u00f3\u017cnicowania produkt\u00f3w w codziennej diecie oraz u\u015bwiadomienie uczniom, jak wa\u017cn\u0105 rol\u0119 odgrywaj\u0105 one w od\u017cywianiu. Akademia Lubella uczy nie tylko komponowania zr\u00f3\u017cnicowanych, warto\u015bciowych posi\u0142k\u00f3w, ale r\u00f3wnie\u017c prawid\u0142owych zachowa\u0144 zwi\u0105zanych z niemarnowaniem jedzenia i doceniania samodzielnego przygotowywania posi\u0142k\u00f3w, a tak\u017ce warto\u015bci\u00a0 p\u0142yn\u0105cych ze wsp\u00f3lnego spo\u017cywania posi\u0142k\u00f3w.\u00a0<\/p><p>Wi\u0119cej na temat programu mo\u017cna dowiedzie\u0107 si\u0119 na stronie\u00a0<a style=\"background-color: #f7ffff; font-size: 0.875em;\" href=\"https:\/\/akademialubella.pl\/\" target=\"_blank\" rel=\"noopener\">https:\/\/akademialubella.pl\/<\/a><\/p>\t\t\t\t\t\t\t\t<\/div>\n\t\t\t\t<\/div>\n\t\t\t\t\t<\/div>\n\t\t<\/div>\n\t\t\t\t\t<\/div>\n\t\t<\/section>\n\t\t\t\t<section class=\"elementor-section elementor-top-section elementor-element elementor-element-6471fbf elementor-section-boxed elementor-section-height-default elementor-section-height-default\" data-id=\"6471fbf\" data-element_type=\"section\" data-e-type=\"section\">\n\t\t\t\t\t\t<div class=\"elementor-container elementor-column-gap-default\">\n\t\t\t\t\t<div class=\"elementor-column elementor-col-100 elementor-top-column elementor-element elementor-element-477526f\" data-id=\"477526f\" data-element_type=\"column\" data-e-type=\"column\">\n\t\t\t<div class=\"elementor-widget-wrap elementor-element-populated\">\n\t\t\t\t\t\t<div class=\"elementor-element elementor-element-ce1b7cc elementor-widget elementor-widget-image\" data-id=\"ce1b7cc\" data-element_type=\"widget\" data-e-type=\"widget\" data-widget_type=\"image.default\">\n\t\t\t\t<div class=\"elementor-widget-container\">\n\t\t\t\t\t\t\t\t\t\t\t\t\t\t\t\t<a href=\"http:\/\/spchoron.ugporaj.pl\/wp-content\/uploads\/2024\/05\/certyfikat-al.png\" data-elementor-open-lightbox=\"yes\" data-elementor-lightbox-title=\"certyfikat al\" data-e-action-hash=\"#elementor-action%3Aaction%3Dlightbox%26settings%3DeyJpZCI6MTEzNiwidXJsIjoiaHR0cHM6XC9cL3NwY2hvcm9uLnVncG9yYWoucGxcL3dwLWNvbnRlbnRcL3VwbG9hZHNcLzIwMjRcLzA1XC9jZXJ0eWZpa2F0LWFsLnBuZyJ9\">\n\t\t\t\t\t\t\t<img fetchpriority=\"high\" decoding=\"async\" width=\"213\" height=\"300\" src=\"https:\/\/spchoron.ugporaj.pl\/wp-content\/uploads\/2024\/05\/certyfikat-al-213x300.png\" class=\"attachment-medium size-medium wp-image-1136\" alt=\"\" srcset=\"https:\/\/spchoron.ugporaj.pl\/wp-content\/uploads\/2024\/05\/certyfikat-al-213x300.png 213w, https:\/\/spchoron.ugporaj.pl\/wp-content\/uploads\/2024\/05\/certyfikat-al.png 496w\" sizes=\"(max-width: 213px) 100vw, 213px\" \/>\t\t\t\t\t\t\t\t<\/a>\n\t\t\t\t\t\t\t\t\t\t\t\t\t\t\t<\/div>\n\t\t\t\t<\/div>\n\t\t\t\t\t<\/div>\n\t\t<\/div>\n\t\t\t\t\t<\/div>\n\t\t<\/section>\n\t\t\t\t<\/div>\n\t\t","protected":false},"excerpt":{"rendered":"<p>O programie Akademia Lubella to program edukacyjny skierowany do klas VI-VIII szk\u00f3\u0142 podstawowych. Celem programu jest edukacja m\u0142odzie\u017cy na temat potrzeby r\u00f3\u017cnicowania produkt\u00f3w w codziennej diecie oraz u\u015bwiadomienie uczniom, jak wa\u017cn\u0105 rol\u0119 odgrywaj\u0105 one w od\u017cywianiu. Akademia Lubella uczy nie tylko komponowania zr\u00f3\u017cnicowanych, warto\u015bciowych posi\u0142k\u00f3w, ale r\u00f3wnie\u017c prawid\u0142owych zachowa\u0144 zwi\u0105zanych z niemarnowaniem jedzenia i doceniania [&hellip;]<\/p>\n","protected":false},"author":3,"featured_media":0,"parent":0,"menu_order":0,"comment_status":"closed","ping_status":"closed","template":"","meta":{"footnotes":""},"class_list":["post-1135","page","type-page","status-publish","hentry"],"_links":{"self":[{"href":"https:\/\/spchoron.ugporaj.pl\/index.php?rest_route=\/wp\/v2\/pages\/1135","targetHints":{"allow":["GET"]}}],"collection":[{"href":"https:\/\/spchoron.ugporaj.pl\/index.php?rest_route=\/wp\/v2\/pages"}],"about":[{"href":"https:\/\/spchoron.ugporaj.pl\/index.php?rest_route=\/wp\/v2\/types\/page"}],"author":[{"embeddable":true,"href":"https:\/\/spchoron.ugporaj.pl\/index.php?rest_route=\/wp\/v2\/users\/3"}],"replies":[{"embeddable":true,"href":"https:\/\/spchoron.ugporaj.pl\/index.php?rest_route=%2Fwp%2Fv2%2Fcomments&post=1135"}],"version-history":[{"count":6,"href":"https:\/\/spchoron.ugporaj.pl\/index.php?rest_route=\/wp\/v2\/pages\/1135\/revisions"}],"predecessor-version":[{"id":1143,"href":"https:\/\/spchoron.ugporaj.pl\/index.php?rest_route=\/wp\/v2\/pages\/1135\/revisions\/1143"}],"wp:attachment":[{"href":"https:\/\/spchoron.ugporaj.pl\/index.php?rest_route=%2Fwp%2Fv2%2Fmedia&parent=1135"}],"curies":[{"name":"wp","href":"https:\/\/api.w.org\/{rel}","templated":true}]}}