{"id":1106,"date":"2025-09-26T07:30:46","date_gmt":"2025-09-26T05:30:46","guid":{"rendered":"http:\/\/spchoron.ugporaj.pl\/?page_id=1106"},"modified":"2025-09-26T09:33:29","modified_gmt":"2025-09-26T07:33:29","slug":"samorzad-uczniowski","status":"publish","type":"page","link":"https:\/\/spchoron.ugporaj.pl\/?page_id=1106","title":{"rendered":"Samorz\u0105d Uczniowski"},"content":{"rendered":"\t\t<div data-elementor-type=\"wp-page\" data-elementor-id=\"1106\" class=\"elementor elementor-1106\">\n\t\t\t\t\t\t<section class=\"elementor-section elementor-top-section elementor-element elementor-element-c212760 elementor-section-boxed elementor-section-height-default elementor-section-height-default\" data-id=\"c212760\" data-element_type=\"section\" data-e-type=\"section\">\n\t\t\t\t\t\t<div class=\"elementor-container elementor-column-gap-default\">\n\t\t\t\t\t<div class=\"elementor-column elementor-col-50 elementor-top-column elementor-element elementor-element-0f7acac\" data-id=\"0f7acac\" data-element_type=\"column\" data-e-type=\"column\">\n\t\t\t<div class=\"elementor-widget-wrap elementor-element-populated\">\n\t\t\t\t\t\t<div class=\"elementor-element elementor-element-bfad725 elementor-widget elementor-widget-image\" data-id=\"bfad725\" data-element_type=\"widget\" data-e-type=\"widget\" data-widget_type=\"image.default\">\n\t\t\t\t<div class=\"elementor-widget-container\">\n\t\t\t\t\t\t\t\t\t\t\t\t\t\t\t<img fetchpriority=\"high\" decoding=\"async\" width=\"640\" height=\"640\" src=\"https:\/\/spchoron.ugporaj.pl\/wp-content\/uploads\/2024\/05\/SU2-1-1024x1024.png\" class=\"attachment-large size-large wp-image-1108\" alt=\"\" srcset=\"https:\/\/spchoron.ugporaj.pl\/wp-content\/uploads\/2024\/05\/SU2-1-1024x1024.png 1024w, https:\/\/spchoron.ugporaj.pl\/wp-content\/uploads\/2024\/05\/SU2-1-300x300.png 300w, https:\/\/spchoron.ugporaj.pl\/wp-content\/uploads\/2024\/05\/SU2-1-150x150.png 150w, https:\/\/spchoron.ugporaj.pl\/wp-content\/uploads\/2024\/05\/SU2-1-768x768.png 768w, https:\/\/spchoron.ugporaj.pl\/wp-content\/uploads\/2024\/05\/SU2-1-1536x1536.png 1536w, https:\/\/spchoron.ugporaj.pl\/wp-content\/uploads\/2024\/05\/SU2-1.png 1654w\" sizes=\"(max-width: 640px) 100vw, 640px\" \/>\t\t\t\t\t\t\t\t\t\t\t\t\t\t\t<\/div>\n\t\t\t\t<\/div>\n\t\t\t\t\t<\/div>\n\t\t<\/div>\n\t\t\t\t<div class=\"elementor-column elementor-col-50 elementor-top-column elementor-element elementor-element-6dddb34\" data-id=\"6dddb34\" data-element_type=\"column\" data-e-type=\"column\">\n\t\t\t<div class=\"elementor-widget-wrap elementor-element-populated\">\n\t\t\t\t\t\t<div class=\"elementor-element elementor-element-fa6a9ae elementor-widget elementor-widget-text-editor\" data-id=\"fa6a9ae\" data-element_type=\"widget\" data-e-type=\"widget\" data-widget_type=\"text-editor.default\">\n\t\t\t\t<div class=\"elementor-widget-container\">\n\t\t\t\t\t\t\t\t\t<h3>Samorz\u0105d Uczniowski 2025\/2026<\/h3><p><strong>Przewodnicz\u0105ca<\/strong> &#8211; Antoni Gacek<\/p><p><strong>Zast\u0119pca<\/strong> &#8211; Anna Michalska<\/p><p><strong>Cz\u0142onkowie samorz\u0105du<\/strong> &#8211; Michalina Marchewka, Antonina Dziedzic, Robert Kowalski i Szymon Ociepka<\/p>\t\t\t\t\t\t\t\t<\/div>\n\t\t\t\t<\/div>\n\t\t\t\t\t<\/div>\n\t\t<\/div>\n\t\t\t\t\t<\/div>\n\t\t<\/section>\n\t\t\t\t<\/div>\n\t\t","protected":false},"excerpt":{"rendered":"<p>Samorz\u0105d Uczniowski 2025\/2026 Przewodnicz\u0105ca &#8211; Antoni Gacek Zast\u0119pca &#8211; Anna Michalska Cz\u0142onkowie samorz\u0105du &#8211; Michalina Marchewka, Antonina Dziedzic, Robert Kowalski i Szymon Ociepka<\/p>\n","protected":false},"author":3,"featured_media":0,"parent":0,"menu_order":0,"comment_status":"closed","ping_status":"closed","template":"","meta":{"footnotes":""},"class_list":["post-1106","page","type-page","status-publish","hentry"],"_links":{"self":[{"href":"https:\/\/spchoron.ugporaj.pl\/index.php?rest_route=\/wp\/v2\/pages\/1106","targetHints":{"allow":["GET"]}}],"collection":[{"href":"https:\/\/spchoron.ugporaj.pl\/index.php?rest_route=\/wp\/v2\/pages"}],"about":[{"href":"https:\/\/spchoron.ugporaj.pl\/index.php?rest_route=\/wp\/v2\/types\/page"}],"author":[{"embeddable":true,"href":"https:\/\/spchoron.ugporaj.pl\/index.php?rest_route=\/wp\/v2\/users\/3"}],"replies":[{"embeddable":true,"href":"https:\/\/spchoron.ugporaj.pl\/index.php?rest_route=%2Fwp%2Fv2%2Fcomments&post=1106"}],"version-history":[{"count":11,"href":"https:\/\/spchoron.ugporaj.pl\/index.php?rest_route=\/wp\/v2\/pages\/1106\/revisions"}],"predecessor-version":[{"id":2855,"href":"https:\/\/spchoron.ugporaj.pl\/index.php?rest_route=\/wp\/v2\/pages\/1106\/revisions\/2855"}],"wp:attachment":[{"href":"https:\/\/spchoron.ugporaj.pl\/index.php?rest_route=%2Fwp%2Fv2%2Fmedia&parent=1106"}],"curies":[{"name":"wp","href":"https:\/\/api.w.org\/{rel}","templated":true}]}}